{"id":2026,"date":"2025-02-28T20:18:59","date_gmt":"2025-02-28T19:18:59","guid":{"rendered":"https:\/\/tillasgarden.se\/produkt\/gaerkoerbchen-laenglich\/"},"modified":"2026-02-09T04:09:26","modified_gmt":"2026-02-09T03:09:26","slug":"gaerkoerbchen-laenglich","status":"publish","type":"product","link":"https:\/\/tillasgarden.se\/de\/produkt\/gaerkoerbchen-laenglich\/","title":{"rendered":"G\u00e4rk\u00f6rbchen &#8211; l\u00e4nglich"},"content":{"rendered":"<p><strong>Geeignet f\u00fcr: deutsches Landbrot, Bauernbrot, d\u00e4nisches Roggenbrot, Kavring<br \/>\n<\/strong>Hergestellt in Deutschland<strong><br \/>\n<\/strong><\/p>\n","protected":false},"excerpt":{"rendered":"<p>Geeignet f\u00fcr: deutsches Landbrot, Bauernbrot, d\u00e4nisches Roggenbrot, Kavring<br \/>\nHergestellt in Deutschland<\/p>\n","protected":false},"featured_media":1178,"comment_status":"closed","ping_status":"closed","template":"","meta":{"_et_pb_use_builder":"off","_et_pb_old_content":"<div class=\"et_pb_column et_pb_column_1_3 et_pb_column_1 et_pb_css_mix_blend_mode_passthrough\">\n<div class=\"et_pb_module et_pb_text et_pb_text_1 frontbilder et_clickable et_pb_text_align_left et_pb_bg_layout_light\">\n<div class=\"et_pb_text_inner\">\n\nEin klassisches und rustikales Bauernbrot, das mit allen Arten von Bel\u00e4gen kombiniert werden kann. Ein etwas leichteres Brot f\u00fcr die ganze Familie und jeden Tag, das Kernweizen- und Roggenvollkornmehl von schwedischen Bauernh\u00f6fen enth\u00e4lt. Nat\u00fcrlich kann es auch als Laib gebacken werden, sodass du den Teig nicht kneten und formen musst.  \n\n<\/div>\n<\/div>\n<\/div>","_et_gb_content_width":""},"product_brand":[],"product_cat":[55],"product_tag":[],"class_list":{"0":"post-2026","1":"product","2":"type-product","3":"status-publish","4":"has-post-thumbnail","6":"product_cat-zubehor","8":"first","9":"instock","10":"taxable","11":"shipping-taxable","12":"purchasable","13":"product-type-simple"},"jetpack_sharing_enabled":true,"_links":{"self":[{"href":"https:\/\/tillasgarden.se\/de\/wp-json\/wp\/v2\/product\/2026","targetHints":{"allow":["GET"]}}],"collection":[{"href":"https:\/\/tillasgarden.se\/de\/wp-json\/wp\/v2\/product"}],"about":[{"href":"https:\/\/tillasgarden.se\/de\/wp-json\/wp\/v2\/types\/product"}],"replies":[{"embeddable":true,"href":"https:\/\/tillasgarden.se\/de\/wp-json\/wp\/v2\/comments?post=2026"}],"wp:featuredmedia":[{"embeddable":true,"href":"https:\/\/tillasgarden.se\/de\/wp-json\/wp\/v2\/media\/1178"}],"wp:attachment":[{"href":"https:\/\/tillasgarden.se\/de\/wp-json\/wp\/v2\/media?parent=2026"}],"wp:term":[{"taxonomy":"product_brand","embeddable":true,"href":"https:\/\/tillasgarden.se\/de\/wp-json\/wp\/v2\/product_brand?post=2026"},{"taxonomy":"product_cat","embeddable":true,"href":"https:\/\/tillasgarden.se\/de\/wp-json\/wp\/v2\/product_cat?post=2026"},{"taxonomy":"product_tag","embeddable":true,"href":"https:\/\/tillasgarden.se\/de\/wp-json\/wp\/v2\/product_tag?post=2026"}],"curies":[{"name":"wp","href":"https:\/\/api.w.org\/{rel}","templated":true}]}}