{"id":1999,"date":"2026-02-20T03:37:27","date_gmt":"2026-02-20T02:37:27","guid":{"rendered":"https:\/\/tillasgarden.se\/?post_type=product&#038;p=1999"},"modified":"2026-04-15T15:06:05","modified_gmt":"2026-04-15T13:06:05","slug":"gruvbrod-bio-backmischung","status":"publish","type":"product","link":"https:\/\/tillasgarden.se\/de\/produkt\/gruvbrod-bio-backmischung\/","title":{"rendered":"Grubenbrot Bio-Backmischung"},"content":{"rendered":"<p>Unsere Region Dalarna hat eine lange Bergbaugeschichte. Die wichtigste Mine ist die alte Kupfermine in Falun. Wir haben dar\u00fcber nachgedacht, wie ein Brot aus der Bergbauzeit ausgesehen haben k\u00f6nnte. Das Ergebnis ist unser Gruvbr\u00f6d: ein Brot mit etwas gr\u00f6\u00dferen Poren und Roggensauerteig, nicht zu kompakt, aber trotzdem s\u00e4ttigend. Es passt zu allen Bel\u00e4gen und ist der perfekte Begleiter einer warmen Suppe oder eines Eintopfs.<\/p>\n<p>Das Mehl ist KRAV-zertifiziert und steingemahlen von Stora H\u00e4llsta Kvarn in Sala \u2013 ebenfalls eine Stadt mit langer Bergbautradition.<br \/>\n<strong><br \/>\nZutaten<\/strong>:<br \/>\n<strong>Weizen<\/strong>mehl*, <strong>Roggen<\/strong>vollkornmehl*, <strong>Roggen<\/strong>sauerteig (trocken)*, Salz.<br \/>\n*=kontrolliert biologischer Anbau. K\u00fchl und trocken lagern.<br \/>\n\u00d6ko-Kontrollnummer: SE-EKO-04<br \/>\nEU-Landwirtschaft<\/p>\n<p>Der Roggensauerteig ist getrockneter Sauerteig aus Bio-Roggenvollkornmehl.<br \/>\nWir f\u00fcgen der T\u00fcte keine Hefe hinzu, da wir sonst Konservierungsstoffe verwenden m\u00fcssten.<br \/>\nDie G\u00e4rzeit ist temperaturabh\u00e4ngig. Wenn der Teig in einem warmen Bereich steht, geht er schneller.<br \/>\nEs ist in Ordnung, Trockenhefe anstelle von frischer Hefe zu verwenden.<\/p>\n<p><strong>Backanleitung<\/strong>:<br \/>\nMische 10 g frische Hefe, 400 ml lauwarmes Wasser mit der Mischung und verr\u00fchre alles in einer K\u00fcchenmaschine, mit einem elektrischen Handr\u00fchtger\u00e4t und Knethaken oder von Hand f\u00fcr 6 Minuten.<br \/>\nLass den Teig anschlie\u00dfend mindestens 30 Minuten unter einem K\u00fcchentuch ruhen.<\/p>\n<p>Dann den Teig mit feuchten H\u00e4nden aus der R\u00fchrsch\u00fcssel nehmen, in eine ge\u00f6lte Backform legen und gleichm\u00e4\u00dfig flach dr\u00fccken. (Kann auch zu einem runden oder l\u00e4nglichen Laib geformt werden und im G\u00e4rk\u00f6rbchen gehen.)<br \/>\nLass den Teig abgedeckt 50-60 Minuten gehen.<\/p>\n<p>Heize den Ofen auf 200 Grad (180 Grad f\u00fcr Umluft) vor.<br \/>\nBacke das Brot in der Mitte des Ofens f\u00fcr 50 Minuten.<\/p>\n<p>Lass das Brot auf einem Gitter abk\u00fchlen.<br \/>\nDas Brot schmeckt am besten, wenn es vor dem Anschneiden einige Stunden ruhen kann.<\/p>\n","protected":false},"excerpt":{"rendered":"<p>Ein grobes Brot mit Roggensauerteig, nicht zu kompakt und dennoch s\u00e4ttigend, das zu allen Bel\u00e4gen passt.<\/p>\n","protected":false},"featured_media":2210,"comment_status":"closed","ping_status":"closed","template":"","meta":{"_et_pb_use_builder":"","_et_pb_old_content":"","_et_gb_content_width":""},"product_brand":[],"product_cat":[53],"product_tag":[],"class_list":{"0":"post-1999","1":"product","2":"type-product","3":"status-publish","4":"has-post-thumbnail","6":"product_cat-brotmischungen","8":"first","9":"instock","10":"taxable","11":"shipping-taxable","12":"purchasable","13":"product-type-simple"},"jetpack_sharing_enabled":true,"_links":{"self":[{"href":"https:\/\/tillasgarden.se\/de\/wp-json\/wp\/v2\/product\/1999","targetHints":{"allow":["GET"]}}],"collection":[{"href":"https:\/\/tillasgarden.se\/de\/wp-json\/wp\/v2\/product"}],"about":[{"href":"https:\/\/tillasgarden.se\/de\/wp-json\/wp\/v2\/types\/product"}],"replies":[{"embeddable":true,"href":"https:\/\/tillasgarden.se\/de\/wp-json\/wp\/v2\/comments?post=1999"}],"wp:featuredmedia":[{"embeddable":true,"href":"https:\/\/tillasgarden.se\/de\/wp-json\/wp\/v2\/media\/2210"}],"wp:attachment":[{"href":"https:\/\/tillasgarden.se\/de\/wp-json\/wp\/v2\/media?parent=1999"}],"wp:term":[{"taxonomy":"product_brand","embeddable":true,"href":"https:\/\/tillasgarden.se\/de\/wp-json\/wp\/v2\/product_brand?post=1999"},{"taxonomy":"product_cat","embeddable":true,"href":"https:\/\/tillasgarden.se\/de\/wp-json\/wp\/v2\/product_cat?post=1999"},{"taxonomy":"product_tag","embeddable":true,"href":"https:\/\/tillasgarden.se\/de\/wp-json\/wp\/v2\/product_tag?post=1999"}],"curies":[{"name":"wp","href":"https:\/\/api.w.org\/{rel}","templated":true}]}}