{"id":1996,"date":"2025-11-20T11:35:32","date_gmt":"2025-11-20T10:35:32","guid":{"rendered":"https:\/\/tillasgarden.se\/?post_type=product&#038;p=1996"},"modified":"2026-04-01T00:33:09","modified_gmt":"2026-03-31T22:33:09","slug":"julkavring-bio-backmischung","status":"publish","type":"product","link":"https:\/\/tillasgarden.se\/de\/produkt\/julkavring-bio-backmischung\/","title":{"rendered":"Julkavring Bio-Backmischung"},"content":{"rendered":"<p><strong>Julkavring \u2013 das Festtagsbrot zu Hering, Lachs und K\u00e4se<\/strong><br \/>\nEin klassisches und geschmackvolles Kavring mit extra weihnachtlicher Gew\u00fcrzmischung, perfekt f\u00fcr festliche Anl\u00e4sse. Unsere Bio-Brotmischung ergibt ein kr\u00e4ftiges Brot mit tiefem Geschmack, gebacken mit steingemahlenem Roggenvollkorn von schwedischen Bauernh\u00f6fen.<\/p>\n<p>F\u00fcge einfach 15 g frische Hefe, Wasser und 2-3 EL Brotsirup oder Honig f\u00fcr einen vollen und runden Geschmack hinzu. Die Mischung kann in einer 1,5 bis 2 Liter Backform gebacken werden.<br \/>\nDie Mischung ergibt ein ordentliches Brot von \u00fcber 750 Gramm \u2013 eine perfekte Wahl f\u00fcr Festtage und Alltag.<\/p>\n","protected":false},"excerpt":{"rendered":"<p>Backe mit unserer Bio-Mehlmischung einen richtig leckeren Julkavring. Die Gew\u00fcrzmischung ist mit Anis und Koriander besonders weihnachtlich. Was f\u00fcr ein feines Festtagsbrot!<\/p>\n","protected":false},"featured_media":1997,"comment_status":"closed","ping_status":"closed","template":"","meta":{"_et_pb_use_builder":"off","_et_pb_old_content":"<div class=\"et_pb_column et_pb_column_1_3 et_pb_column_1 et_pb_css_mix_blend_mode_passthrough\">\r\n<div class=\"et_pb_module et_pb_text et_pb_text_1 frontbilder et_clickable et_pb_text_align_left et_pb_bg_layout_light\">\r\n<div class=\"et_pb_text_inner\">\r\n\r\nEtt klassiskt och rustikt bondg\u00e5rdsbr\u00f6d som kan kombineras med alla typer av p\u00e5l\u00e4gg. Ett lite l\u00e4ttare br\u00f6d f\u00f6r hela familjen och varje dag som inneh\u00e5ller k\u00e4rnvete- och r\u00e5gfullkornsmj\u00f6l fr\u00e5n svenska g\u00e5rdar. Naturligtvis kan det ocks\u00e5 bakas som en limpa, s\u00e5 att du inte beh\u00f6ver kn\u00e5da och forma degen.\r\n\r\n<\/div>\r\n<\/div>\r\n<\/div>","_et_gb_content_width":""},"product_brand":[],"product_cat":[53],"product_tag":[],"class_list":{"0":"post-1996","1":"product","2":"type-product","3":"status-publish","4":"has-post-thumbnail","6":"product_cat-brotmischungen","8":"first","9":"instock","10":"taxable","11":"shipping-taxable","12":"purchasable","13":"product-type-simple"},"jetpack_sharing_enabled":true,"_links":{"self":[{"href":"https:\/\/tillasgarden.se\/de\/wp-json\/wp\/v2\/product\/1996","targetHints":{"allow":["GET"]}}],"collection":[{"href":"https:\/\/tillasgarden.se\/de\/wp-json\/wp\/v2\/product"}],"about":[{"href":"https:\/\/tillasgarden.se\/de\/wp-json\/wp\/v2\/types\/product"}],"replies":[{"embeddable":true,"href":"https:\/\/tillasgarden.se\/de\/wp-json\/wp\/v2\/comments?post=1996"}],"wp:featuredmedia":[{"embeddable":true,"href":"https:\/\/tillasgarden.se\/de\/wp-json\/wp\/v2\/media\/1997"}],"wp:attachment":[{"href":"https:\/\/tillasgarden.se\/de\/wp-json\/wp\/v2\/media?parent=1996"}],"wp:term":[{"taxonomy":"product_brand","embeddable":true,"href":"https:\/\/tillasgarden.se\/de\/wp-json\/wp\/v2\/product_brand?post=1996"},{"taxonomy":"product_cat","embeddable":true,"href":"https:\/\/tillasgarden.se\/de\/wp-json\/wp\/v2\/product_cat?post=1996"},{"taxonomy":"product_tag","embeddable":true,"href":"https:\/\/tillasgarden.se\/de\/wp-json\/wp\/v2\/product_tag?post=1996"}],"curies":[{"name":"wp","href":"https:\/\/api.w.org\/{rel}","templated":true}]}}