{"id":1920,"date":"2025-02-28T13:02:30","date_gmt":"2025-02-28T12:02:30","guid":{"rendered":"https:\/\/tillasgarden.se\/produkt\/daenisches-roggenbrot-bio-backmischung\/"},"modified":"2026-04-15T15:04:04","modified_gmt":"2026-04-15T13:04:04","slug":"daenisches-roggenbrot-bio-backmischung","status":"publish","type":"product","link":"https:\/\/tillasgarden.se\/de\/produkt\/daenisches-roggenbrot-bio-backmischung\/","title":{"rendered":"D\u00e4nisches Roggenbrot Bio-Backmischung"},"content":{"rendered":"<p><strong>D\u00e4nisches Roggenbrot \u2013 ein robustes Brot mit mildem Geschmack<\/strong><br \/>\nEin dunkles, kr\u00e4ftiges Roggenbrot mit einem feinen und milden Geschmack \u2013 passt perfekt zu einem guten K\u00e4se oder einfach nur etwas Butter. Diese Bio-Brotmischung ergibt ein herrliches Roggenbrot, gebacken mit schwedischem, steingemahlenem Vollkornroggen. Du kannst das Brot auch ohne Sirup backen, in diesem Fall musst du nur Wasser und Hefe hinzuf\u00fcgen.<\/p>\n<p>F\u00fcge einfach 15 g frische Hefe, Wasser und 2\u20133 EL Zuckerr\u00fcbensirup oder Honig f\u00fcr einen extra runden und vollen Geschmack hinzu. Die Mischung reicht f\u00fcr ein ordentliches Brot von \u00fcber 750 g.<\/p>\n<p><strong>Willkommen bei Tillasg\u00e5rden \u2013 wo das Brotbacken mit Sorgfalt beginnt<\/strong><br \/>\nIm Herzen von Dalarna liegt Tillasg\u00e5rden \u2013 ein kleiner Hersteller von Bio-Brotmischungen, die f\u00fcr dich geschaffen wurden, wenn du hausgebackenes Brot mit gutem Gewissen genie\u00dfen m\u00f6chtest. Wir verwenden nur steingemahlenes, \u00f6kologisches Mehl von schwedischen Bauernh\u00f6fen.<\/p>\n<p><strong>Zutaten<\/strong>:<br \/>\n<strong>Roggen<\/strong>vollkornmehl*, Kern<strong>weizen<\/strong>mehl*, Sonnenblumenkerne*, Leinsamen*, <strong>Roggen<\/strong>sauerteig (trocken)*, Salz. *=kontrolliert biologischer Anbau. K\u00fchl und trocken lagern.<br \/>\n\u00d6ko-Kontrollnummer: SE-EKO-04<br \/>\nEU-Landwirtschaft<\/p>\n<p>Der Roggensauerteig ist getrockneter Sauerteig aus Bio-Roggenvollkornmehl.<br \/>\nWir f\u00fcgen der T\u00fcte keine Hefe hinzu, da wir sonst Konservierungsstoffe hinzuf\u00fcgen m\u00fcssten.<br \/>\nDie G\u00e4rzeit ist temperaturabh\u00e4ngig. Wenn der Teig in einem warmen Bereich steht, geht er schneller.<br \/>\nEs ist in Ordnung, Trockenhefe anstelle von frischer Hefe zu verwenden.<\/p>\n<p><strong>Backanleitung<\/strong>:<br \/>\nMische 15 g frische Hefe, 2-3 EL Zuckerr\u00fcbensirup, 330 ml lauwarmes Wasser mit der Mischung und verr\u00fchre alles in einer K\u00fcchenmaschine, mit einem elektrischen Handr\u00fchrger\u00e4t und Knethaken oder von Hand f\u00fcr 6 Minuten.<br \/>\nLass den Teig anschlie\u00dfend mindestens 30 Minuten unter einem K\u00fcchentuch ruhen.<\/p>\n<p>Den Teig mit feuchten H\u00e4nden aus der R\u00fchrsch\u00fcssel nehmen, in eine ge\u00f6lte Form legen und gleichm\u00e4\u00dfig flach dr\u00fccken. Abgedeckt ca 60 Minuten gehen lassen.<\/p>\n<p>Heize den Ofen auf 200 Grad (180 Grad f\u00fcr Umluft) vor.<br \/>\nBacke das Brot in der Mitte des Ofens ca 60 Minuten.<\/p>\n<p>Lass das Brot auf einem Gitter abk\u00fchlen.<br \/>\nDas Brot schmeckt am besten, wenn es vor dem Anschneiden einige Stunden ruhen kann.<\/p>\n","protected":false},"excerpt":{"rendered":"<p>D\u00e4nisches Roggenbrot ist ein robustes Brot mit einem feinen und milden Geschmack &#8211; backe es einfach zu Hause mit unserer \u00f6kologischen Bio Brotbackmischung.<\/p>\n","protected":false},"featured_media":1923,"comment_status":"closed","ping_status":"closed","template":"","meta":{"_et_pb_use_builder":"off","_et_pb_old_content":"<div class=\"et_pb_column et_pb_column_1_3 et_pb_column_1 et_pb_css_mix_blend_mode_passthrough\">\r\n<div class=\"et_pb_module et_pb_text et_pb_text_1 frontbilder et_clickable et_pb_text_align_left et_pb_bg_layout_light\">\r\n<div class=\"et_pb_text_inner\">\r\n\r\nEin klassisches und rustikales Bauernbrot, das mit allen Arten von Bel\u00e4gen kombiniert werden kann. Ein etwas leichteres Brot f\u00fcr die ganze Familie und jeden Tag, das Kernweizen- und Roggenvollkornmehl von schwedischen Bauernh\u00f6fen enth\u00e4lt. Nat\u00fcrlich kann es auch als Laib gebacken werden, sodass du den Teig nicht kneten und formen musst.  \r\n\r\n<\/div>\r\n<\/div>\r\n<\/div>","_et_gb_content_width":""},"product_brand":[],"product_cat":[53],"product_tag":[],"class_list":{"0":"post-1920","1":"product","2":"type-product","3":"status-publish","4":"has-post-thumbnail","6":"product_cat-brotmischungen","8":"first","9":"instock","10":"taxable","11":"shipping-taxable","12":"purchasable","13":"product-type-simple"},"jetpack_sharing_enabled":true,"_links":{"self":[{"href":"https:\/\/tillasgarden.se\/de\/wp-json\/wp\/v2\/product\/1920","targetHints":{"allow":["GET"]}}],"collection":[{"href":"https:\/\/tillasgarden.se\/de\/wp-json\/wp\/v2\/product"}],"about":[{"href":"https:\/\/tillasgarden.se\/de\/wp-json\/wp\/v2\/types\/product"}],"replies":[{"embeddable":true,"href":"https:\/\/tillasgarden.se\/de\/wp-json\/wp\/v2\/comments?post=1920"}],"wp:featuredmedia":[{"embeddable":true,"href":"https:\/\/tillasgarden.se\/de\/wp-json\/wp\/v2\/media\/1923"}],"wp:attachment":[{"href":"https:\/\/tillasgarden.se\/de\/wp-json\/wp\/v2\/media?parent=1920"}],"wp:term":[{"taxonomy":"product_brand","embeddable":true,"href":"https:\/\/tillasgarden.se\/de\/wp-json\/wp\/v2\/product_brand?post=1920"},{"taxonomy":"product_cat","embeddable":true,"href":"https:\/\/tillasgarden.se\/de\/wp-json\/wp\/v2\/product_cat?post=1920"},{"taxonomy":"product_tag","embeddable":true,"href":"https:\/\/tillasgarden.se\/de\/wp-json\/wp\/v2\/product_tag?post=1920"}],"curies":[{"name":"wp","href":"https:\/\/api.w.org\/{rel}","templated":true}]}}