{"id":2215,"date":"2026-02-26T03:29:16","date_gmt":"2026-02-26T02:29:16","guid":{"rendered":"https:\/\/tillasgarden.se\/?page_id=2215"},"modified":"2026-02-26T03:29:23","modified_gmt":"2026-02-26T02:29:23","slug":"impressum","status":"publish","type":"page","link":"https:\/\/tillasgarden.se\/de\/impressum\/","title":{"rendered":"Impressum"},"content":{"rendered":"<p>[et_pb_section fb_built=&#8220;1&#8243; _builder_version=&#8220;4.27.4&#8243; _module_preset=&#8220;default&#8220; custom_padding=&#8220;0px|||||&#8220; global_colors_info=&#8220;{}&#8220;][et_pb_row _builder_version=&#8220;4.27.4&#8243; _module_preset=&#8220;default&#8220; custom_padding=&#8220;0px|||||&#8220; global_colors_info=&#8220;{}&#8220;][et_pb_column type=&#8220;4_4&#8243; _builder_version=&#8220;4.27.4&#8243; _module_preset=&#8220;default&#8220; global_colors_info=&#8220;{}&#8220;][et_pb_text _builder_version=&#8220;4.27.5&#8243; _module_preset=&#8220;default&#8220; custom_padding=&#8220;0px|||||&#8220; hover_enabled=&#8220;0&#8243; global_colors_info=&#8220;{}&#8220; sticky_enabled=&#8220;0&#8243;]<\/p>\n<h1>Impressum<\/h1>\n<p>Adresse:<br \/>Tillasg\u00e5rden AB<br \/>Mj\u00e4lgen R\u00e5ggattu 3<br \/>SE 79350 Leksand SCHWEDEN<\/p>\n<p>Diese vertreten durch: &#8218;<br \/>Bianka Moberg<\/p>\n<p>Kontakt:<br \/>Telefon: 0046(0)707196609<br \/>E-Mail: info@tillasgarden.se<\/p>\n<p>Umsatzsteuer-ID: <br \/>SE559508714801<\/p>\n<p>Verbraucherstreitbeilegung\/Universalschlichtungsstelle:<br \/>Wir sind nicht bereit oder verpflichtet, an Streitbeilegungsverfahren vor einer<br \/>Verbraucherschlichtungsstelle teilzunehmen.<\/p>\n<p>Quelle: <br \/>e-recht24.de<\/p>\n<p>&nbsp;<\/p>\n<p>[\/et_pb_text][\/et_pb_column][\/et_pb_row][\/et_pb_section]<\/p>\n","protected":false},"excerpt":{"rendered":"<p>Impressum Adresse:Tillasg\u00e5rden ABMj\u00e4lgen R\u00e5ggattu 3SE 79350 Leksand SCHWEDEN Diese vertreten durch: &#8218;Bianka Moberg Kontakt:Telefon: 0046(0)707196609E-Mail: info@tillasgarden.se Umsatzsteuer-ID: SE559508714801 Verbraucherstreitbeilegung\/Universalschlichtungsstelle:Wir sind nicht bereit oder verpflichtet, an Streitbeilegungsverfahren vor einerVerbraucherschlichtungsstelle teilzunehmen. Quelle: e-recht24.de &nbsp;<\/p>\n","protected":false},"author":1,"featured_media":0,"parent":0,"menu_order":0,"comment_status":"closed","ping_status":"closed","template":"","meta":{"_et_pb_use_builder":"on","_et_pb_old_content":"","_et_gb_content_width":"","footnotes":""},"class_list":["post-2215","page","type-page","status-publish","hentry"],"jetpack_sharing_enabled":true,"_links":{"self":[{"href":"https:\/\/tillasgarden.se\/de\/wp-json\/wp\/v2\/pages\/2215","targetHints":{"allow":["GET"]}}],"collection":[{"href":"https:\/\/tillasgarden.se\/de\/wp-json\/wp\/v2\/pages"}],"about":[{"href":"https:\/\/tillasgarden.se\/de\/wp-json\/wp\/v2\/types\/page"}],"author":[{"embeddable":true,"href":"https:\/\/tillasgarden.se\/de\/wp-json\/wp\/v2\/users\/1"}],"replies":[{"embeddable":true,"href":"https:\/\/tillasgarden.se\/de\/wp-json\/wp\/v2\/comments?post=2215"}],"version-history":[{"count":5,"href":"https:\/\/tillasgarden.se\/de\/wp-json\/wp\/v2\/pages\/2215\/revisions"}],"predecessor-version":[{"id":2221,"href":"https:\/\/tillasgarden.se\/de\/wp-json\/wp\/v2\/pages\/2215\/revisions\/2221"}],"wp:attachment":[{"href":"https:\/\/tillasgarden.se\/de\/wp-json\/wp\/v2\/media?parent=2215"}],"curies":[{"name":"wp","href":"https:\/\/api.w.org\/{rel}","templated":true}]}}