{"id":2032,"date":"2024-03-12T13:36:23","date_gmt":"2024-03-12T12:36:23","guid":{"rendered":"https:\/\/tillasgarden.se\/backkurse\/"},"modified":"2026-03-10T08:27:56","modified_gmt":"2026-03-10T07:27:56","slug":"backkurse","status":"publish","type":"page","link":"https:\/\/tillasgarden.se\/de\/backkurse\/","title":{"rendered":"Backkurse"},"content":{"rendered":"<p>[et_pb_section fb_built=&#8220;1&#8243; _builder_version=&#8220;4.27.4&#8243; _module_preset=&#8220;default&#8220; global_colors_info=&#8220;{}&#8220;][et_pb_row admin_label=&#8220;Zeile&#8220; _builder_version=&#8220;4.24.2&#8243; _module_preset=&#8220;default&#8220; global_colors_info=&#8220;{}&#8220;][et_pb_column type=&#8220;4_4&#8243; _builder_version=&#8220;4.24.2&#8243; _module_preset=&#8220;default&#8220; global_colors_info=&#8220;{}&#8220;][et_pb_text admin_label=&#8220;Text&#8220; _builder_version=&#8220;4.27.5&#8243; _module_preset=&#8220;default&#8220; header_3_line_height=&#8220;1.8em&#8220; header_5_text_color=&#8220;#64a2b7&#8243; header_5_font_size=&#8220;18px&#8220; custom_margin=&#8220;10px||||false|false&#8220; hover_enabled=&#8220;0&#8243; global_colors_info=&#8220;{}&#8220; sticky_enabled=&#8220;0&#8243;]<\/p>\n<h1>Backkurse auf Tillasg\u00e5rden<\/h1>\n<p>Wenn Du interessiert bist, mehr \u00fcber das Backen von Brot oder Br\u00f6tchen zu Hause zu erfahren, bieten wir verschiedene Backkurse an. Informationen zu Terminen und Buchungen findest Du im Veranstaltungskalender unten.<\/p>\n<h2>Deutschland &#8211; das Brotland<\/h2>\n<p>Deutschland ist bekannt f\u00fcr gutes Sauerteigbrot. Doch unterscheidet sich die Art des Brotes, je nachdem ob man im S\u00fcden oder Norden des Landes ist.<br \/>Wir lernen die regionalen Unterschiede kennen, probieren verschiedene Brotsorten und backen nat\u00fcrlich auch ein paar Brote zum Mitnehmen.<br \/>Dazu gibt es eine Brosch\u00fcre mit wichtigen Informationen und Rezepten.<\/p>\n<h2 dir=\"auto\">Fr\u00fchst\u00fccksbr\u00f6tchen<\/h2>\n<div dir=\"auto\">Das Fr\u00fchst\u00fcck ist mit die sch\u00f6nste Mahlzeit. Und am Wochenende haben viele Menschen Zeit daf\u00fcr.<br \/>Wenn man dann noch seine leckeren Br\u00f6tchen selbst backen kann &#8211; viel besser wird es nicht.<br \/>Wir probieren und backen eine sch\u00f6ne Auswahl an Br\u00f6tchen und lernen, wie man die Teige nach Lust und Laune auch geschmacklich variieren kann.<br \/>Dazu gibt es eine Brosch\u00fcre mit wichtigen Informationen und Rezepten.<\/div>\n<h5>\u00a0<\/h5>\n<h5>Allgemeine Information zu den Kursen<\/h5>\n<p>In jedem Kurs lernen die Teilnehmer, verschiedene Brotsorten zu backen. Die Kurse sind f\u00fcr alle geeignet, unabh\u00e4ngig von ihrer Backerfahrung. Die Teilnehmer lernen Techniken zum Kneten und Formen des Brotes, zum Dekorieren des Teigs und zum Backen. Der Kurs enth\u00e4lt eine gemeinsame Kaffeepause, und alle Teilnehmer k\u00f6nnen ihr selbst gebackenes Brot mit nach Hause nehmen. Au\u00dferdem erhalten sie eine Brosch\u00fcre mit Rezepten und Backtipps sowie eine der beliebten Sauerteig-Biobackmischungen von Tillasg\u00e5rden.<\/p>\n<h5>Preis per Person<\/h5>\n<p>695 kr (inkl MwSt )<br \/>Bezahlung via Swish (123 144 5360)<\/p>\n<h5>Zeit<\/h5>\n<p>Kl 17.00-20.00 (ca 3 Stunden)<\/p>\n<h5>Ausr\u00fcstung<\/h5>\n<p>Nimm gerne Deine eigene Sch\u00fcrze mit \u2013 hast Du keine, kannst Du sie von Tillasg\u00e5rden leihen.<br \/>Auf Tillasg\u00e5rden kannst Du auch professionelles Backzubeh\u00f6r, wie Formen und G\u00e4rk\u00f6rbchen sowie Biobackmischungen kaufen.<\/p>\n<h5>Firmenevent<\/h5>\n<p>Kontaktiere Tillasg\u00e5rden f\u00fcr Ideen und Angebote f\u00fcr Dein Firmenevent.<\/p>\n<h5>Individuelle Backkurse<\/h5>\n<p>Gruppen ab 4 Personen k\u00f6nnen auch individuelle Termine oder Inhalte buchen. Kontaktiere Tillasg\u00e5rden f\u00fcr mehr Information und Buchung.<\/p>\n<p>&#8230;&#8230;&#8230;&#8230;&#8230;&#8230;&#8230;&#8230;&#8230;&#8230;&#8230;&#8230;&#8230;&#8230;&#8230;&#8230;&#8230;&#8230;<\/p>\n<h3>Backkurse Fr\u00fchjahr 2026:<\/h3>\n<p><strong>April:<\/strong><br \/>Donnerstag, 16\/4 Deutschland &#8211; das Brotland<br \/>Mittwoch, 22\/4 Fr\u00fchst\u00fccksbr\u00f6tchen<\/p>\n<p><strong>Mai:<br \/><\/strong>Dienstag, 19\/5 Deutschland &#8211; das Brotland<br \/>Donnerstag, 21\/5 Fr\u00fchst\u00fccksbr\u00f6tchen<\/p>\n<p>&nbsp;<\/p>\n<h2>\u00a0<\/h2>\n<h2>Hier geht\u2019s zur Anmeldung!<\/h2>\n<p>[\/et_pb_text][et_pb_text admin_label=&#8220;formul\u00e4r&#8220; _builder_version=&#8220;4.27.4&#8243; _module_preset=&#8220;default&#8220; global_colors_info=&#8220;{}&#8220;]<\/p>\n\n<div class=\"wpcf7 no-js\" id=\"wpcf7-f1946-o1\" lang=\"de-DE\" dir=\"ltr\" data-wpcf7-id=\"1946\">\n<div class=\"screen-reader-response\"><p role=\"status\" aria-live=\"polite\" aria-atomic=\"true\"><\/p> <ul><\/ul><\/div>\n<form action=\"\/de\/wp-json\/wp\/v2\/pages\/2032#wpcf7-f1946-o1\" method=\"post\" class=\"wpcf7-form init\" aria-label=\"Kontaktformular\" novalidate=\"novalidate\" data-status=\"init\">\n<fieldset class=\"hidden-fields-container\"><input type=\"hidden\" name=\"_wpcf7\" value=\"1946\" \/><input type=\"hidden\" name=\"_wpcf7_version\" value=\"6.1.5\" \/><input type=\"hidden\" name=\"_wpcf7_locale\" value=\"de_DE\" \/><input type=\"hidden\" name=\"_wpcf7_unit_tag\" value=\"wpcf7-f1946-o1\" \/><input type=\"hidden\" name=\"_wpcf7_container_post\" value=\"0\" \/><input type=\"hidden\" name=\"_wpcf7_posted_data_hash\" value=\"\" \/>\n<\/fieldset>\n<p><label> Dein Name<br \/>\n<span class=\"wpcf7-form-control-wrap\" data-name=\"your-name\"><input size=\"40\" maxlength=\"400\" class=\"wpcf7-form-control wpcf7-text wpcf7-validates-as-required\" autocomplete=\"name\" aria-required=\"true\" aria-invalid=\"false\" value=\"\" type=\"text\" name=\"your-name\" \/><\/span> <\/label>\n<\/p>\n<p><label> Deine E-Mail-Adresse<br \/>\n<span class=\"wpcf7-form-control-wrap\" data-name=\"your-email\"><input size=\"40\" maxlength=\"400\" class=\"wpcf7-form-control wpcf7-email wpcf7-validates-as-required wpcf7-text wpcf7-validates-as-email\" autocomplete=\"email\" aria-required=\"true\" aria-invalid=\"false\" value=\"\" type=\"email\" name=\"your-email\" \/><\/span> <\/label>\n<\/p>\n<p><label> Deine Telefonnummer<br \/>\n<span class=\"wpcf7-form-control-wrap\" data-name=\"telefon\"><input size=\"40\" maxlength=\"400\" class=\"wpcf7-form-control wpcf7-tel wpcf7-validates-as-required wpcf7-text wpcf7-validates-as-tel\" aria-required=\"true\" aria-invalid=\"false\" value=\"\" type=\"tel\" name=\"telefon\" \/><\/span> <\/label>\n<\/p>\n<h5>Ich m\u00f6chte mich f\u00fcr folgende Kurse im Fr\u00fchjahr 2026 anmelden:\n<\/h5>\n<p><span class=\"wpcf7-form-control-wrap\" data-name=\"kurser\"><span class=\"wpcf7-form-control wpcf7-checkbox\"><span class=\"wpcf7-list-item first\"><label><input type=\"checkbox\" name=\"kurser[]\" value=\"16.04 Deutschland \u2013 das Brotland\" \/><span class=\"wpcf7-list-item-label\">16.04 Deutschland \u2013 das Brotland<\/span><\/label><\/span><span class=\"wpcf7-list-item\"><label><input type=\"checkbox\" name=\"kurser[]\" value=\"22.04 Fr\u00fchst\u00fccksbr\u00f6tchen\" \/><span class=\"wpcf7-list-item-label\">22.04 Fr\u00fchst\u00fccksbr\u00f6tchen<\/span><\/label><\/span><span class=\"wpcf7-list-item\"><label><input type=\"checkbox\" name=\"kurser[]\" value=\"19.05 Deutschland \u2013 das Brotland\" \/><span class=\"wpcf7-list-item-label\">19.05 Deutschland \u2013 das Brotland<\/span><\/label><\/span><span class=\"wpcf7-list-item last\"><label><input type=\"checkbox\" name=\"kurser[]\" value=\"21.05 Fr\u00fchst\u00fccksbr\u00f6tchen\" \/><span class=\"wpcf7-list-item-label\">21.05 Fr\u00fchst\u00fccksbr\u00f6tchen<\/span><\/label><\/span><\/span><\/span>\n<\/p>\n<p><input class=\"wpcf7-form-control wpcf7-submit has-spinner\" type=\"submit\" value=\"Senden\" \/>\n<\/p><div class=\"wpcf7-response-output\" aria-hidden=\"true\"><\/div>\n<\/form>\n<\/div>\n\n<p>[\/et_pb_text][\/et_pb_column][\/et_pb_row][\/et_pb_section]<\/p>\n","protected":false},"excerpt":{"rendered":"<p>Backkurse auf Tillasg\u00e5rden Wenn Du interessiert bist, mehr \u00fcber das Backen von Brot oder Br\u00f6tchen zu Hause zu erfahren, bieten wir verschiedene Backkurse an. Informationen zu Terminen und Buchungen findest Du im Veranstaltungskalender unten. Deutschland &#8211; das Brotland Deutschland ist bekannt f\u00fcr gutes Sauerteigbrot. Doch unterscheidet sich die Art des Brotes, je nachdem ob man [&hellip;]<\/p>\n","protected":false},"author":1,"featured_media":0,"parent":0,"menu_order":0,"comment_status":"closed","ping_status":"closed","template":"","meta":{"_et_pb_use_builder":"on","_et_pb_old_content":"","_et_gb_content_width":"","footnotes":""},"class_list":["post-2032","page","type-page","status-publish","hentry"],"jetpack_sharing_enabled":true,"_links":{"self":[{"href":"https:\/\/tillasgarden.se\/de\/wp-json\/wp\/v2\/pages\/2032","targetHints":{"allow":["GET"]}}],"collection":[{"href":"https:\/\/tillasgarden.se\/de\/wp-json\/wp\/v2\/pages"}],"about":[{"href":"https:\/\/tillasgarden.se\/de\/wp-json\/wp\/v2\/types\/page"}],"author":[{"embeddable":true,"href":"https:\/\/tillasgarden.se\/de\/wp-json\/wp\/v2\/users\/1"}],"replies":[{"embeddable":true,"href":"https:\/\/tillasgarden.se\/de\/wp-json\/wp\/v2\/comments?post=2032"}],"version-history":[{"count":20,"href":"https:\/\/tillasgarden.se\/de\/wp-json\/wp\/v2\/pages\/2032\/revisions"}],"predecessor-version":[{"id":2283,"href":"https:\/\/tillasgarden.se\/de\/wp-json\/wp\/v2\/pages\/2032\/revisions\/2283"}],"wp:attachment":[{"href":"https:\/\/tillasgarden.se\/de\/wp-json\/wp\/v2\/media?parent=2032"}],"curies":[{"name":"wp","href":"https:\/\/api.w.org\/{rel}","templated":true}]}}