{"id":2028,"date":"2023-04-05T18:25:55","date_gmt":"2023-04-05T16:25:55","guid":{"rendered":"https:\/\/tillasgarden.se\/ueber-uns\/"},"modified":"2026-02-27T11:13:50","modified_gmt":"2026-02-27T10:13:50","slug":"ueber-uns","status":"publish","type":"page","link":"https:\/\/tillasgarden.se\/de\/ueber-uns\/","title":{"rendered":"\u00dcber uns"},"content":{"rendered":"<p>[et_pb_section fb_built=&#8220;1&#8243; _builder_version=&#8220;4.20.4&#8243; _module_preset=&#8220;default&#8220; background_color=&#8220;RGBA(255,255,255,0)&#8220; custom_padding=&#8220;31px|||||&#8220; global_colors_info=&#8220;{}&#8220;][et_pb_row column_structure=&#8220;1_2,1_2&#8243; _builder_version=&#8220;4.20.4&#8243; _module_preset=&#8220;default&#8220; global_colors_info=&#8220;{}&#8220;][et_pb_column type=&#8220;1_2&#8243; _builder_version=&#8220;4.20.4&#8243; _module_preset=&#8220;default&#8220; global_colors_info=&#8220;{}&#8220;][et_pb_text admin_label=&#8220;Text Br\u00f6d och Kommunikation&#8220; _builder_version=&#8220;4.24.2&#8243; _module_preset=&#8220;default&#8220; header_3_font=&#8220;|300||on|||||&#8220; global_colors_info=&#8220;{}&#8220;]<\/p>\n<h2>Brot &amp; Kommunikation<\/h2>\n<p><span lang=\"UZ-CYR\">Was haben gutes Brot und gute Kommunikation gemeinsam? Wir brauchen beides zum Leben! Tillasg\u00e5rden steht f\u00fcr gutes und nahrhaftes Brot sowie f\u00fcr gute und erfolgreiche Kommunikation. Langj\u00e4hrige Erfahrung und Kompetenz helfen uns dabei.   <span class=\"apple-converted-space\"> <\/span><\/span><\/p>\n<p>Bianka Moberg ist seit vielen Jahren ausgebildete B\u00e4ckerin und Gesundheitsberaterin und hat erfolgreich eigene Rezepte entwickelt. Sie steckt hinter den Bio-Brotbackmischungen der Marke Tillasg\u00e5rden. <\/p>\n<p>J\u00f6rg Moberg hat als Kommunikationschef in Schweden, England, Deutschland und Luxemburg gearbeitet. Seine Spezialit\u00e4t, die auf langj\u00e4hriger praktischer Erfahrung beruht, ist Krisenkommunikation und interne Kommunikation. <\/p>\n<p>Zusammen sind wir Tillasg\u00e5rden &#8211; Brot &amp; Kommunikation<\/p>\n<p>[\/et_pb_text][\/et_pb_column][et_pb_column type=&#8220;1_2&#8243; _builder_version=&#8220;4.20.4&#8243; _module_preset=&#8220;default&#8220; global_colors_info=&#8220;{}&#8220;][et_pb_image src=&#8220;https:\/\/tillasgarden.se\/wp-content\/uploads\/2023\/04\/om2.jpg&#8220; title_text=&#8220;om2&#8243; _builder_version=&#8220;4.24.2&#8243; _module_preset=&#8220;default&#8220; global_colors_info=&#8220;{}&#8220;][\/et_pb_image][\/et_pb_column][\/et_pb_row][et_pb_row column_structure=&#8220;1_2,1_2&#8243; _builder_version=&#8220;4.24.2&#8243; _module_preset=&#8220;default&#8220; collapsed=&#8220;off&#8220; global_colors_info=&#8220;{}&#8220;][et_pb_column type=&#8220;1_2&#8243; _builder_version=&#8220;4.24.2&#8243; _module_preset=&#8220;default&#8220; global_colors_info=&#8220;{}&#8220;][et_pb_button button_url=&#8220;https:\/\/tillasgarden.se\/kommunikation\/&#8220; button_text=&#8220;Tillasg\u00e5rden Kommunikation&#8220; _builder_version=&#8220;4.24.2&#8243; _module_preset=&#8220;default&#8220; custom_button=&#8220;on&#8220; button_text_color=&#8220;#FFFFFF&#8220; button_bg_color=&#8220;#505e82&#8243; global_colors_info=&#8220;{}&#8220;][\/et_pb_button][et_pb_text admin_label=&#8220;Text Br\u00f6d&#8220; _builder_version=&#8220;4.27.4&#8243; _module_preset=&#8220;default&#8220; hover_enabled=&#8220;0&#8243; global_colors_info=&#8220;{}&#8220; sticky_enabled=&#8220;0&#8243;]<\/p>\n<h2>Langj\u00e4hrige Erfahrung im Handwerksb\u00e4ckereigewerbe &#8211; wir k\u00f6nnen gutes Sauerteigbrot!<\/h2>\n<p>Im Sommer 2007 er\u00f6ffneten wir unsere Bio-zertifizierte B\u00e4ckerei Brothaus Moberg in \u00c5kersberga mit Schwerpunkt auf deutschen Sauerteigbroten und schwedischem Geb\u00e4ck. Das Sortiment war sehr beliebt und bekannt. <\/p>\n<p>Im Jahr 2017 er\u00f6ffnete die Bio-B\u00e4ckerei Brothaus Moberg ihre T\u00fcren in Deutschland.<\/p>\n<p>Viele unserer Kunden in Schweden und Deutschland haben versucht, zu Hause selbst Brot zu backen. F\u00fcr manche ist jedoch der Aufwand, einen eigenen Natursauerteig herzustellen, zu gro\u00df. Es erfordert Zeit und Planung.  <\/p>\n<p>Deshalb haben wir 2019 damit begonnen, unser beliebtes Sortiment auf Bio-zertifizierte Backmischungen umzustellen. Ganz ohne Konservierungsstoffe und chemische Zus\u00e4tze: Die &#8222;Dein Brot-Biobackmischungen&#8220; entstanden. <br \/>Seitdem backen unsere Kunden begeistert ihre eigenen Brote: einfach und lecker. <\/p>\n<p>Willkommen bei Tillasg\u00e5rden: Wir sind gl\u00fccklich zur\u00fcck in Schweden und produzieren seit 2023 unsere Bio-Backmischungen ausschlie\u00dflich mit KRAV-zertifiziertem Mehl von schwedischen Bauernh\u00f6fen. Wir legen Wert auf Qualit\u00e4t und viel Geschmack. Deshalb w\u00e4hlen wir unsere Zutaten mit Sorgfalt aus. Alle Beutel werden von uns selbst auf Tillasg\u00e5rden von Hand abgef\u00fcllt.   <\/p>\n<p>Genie\u00dfe den Duft von selbstgebackenem Brot und den wunderbaren Geschmack &#8211; Guten Appetit!<\/p>\n<h3><a href=\"https:\/\/tillasgarden.se\/wp-content\/uploads\/2025\/11\/SE-EKO-04.752-0001783.2025.001.pdf\" target=\"_blank\" rel=\"noopener\">Wir haben ein \u00d6ko-Zertifikat!<\/a><\/h3>\n<p>\u200b<\/p>\n<p>[\/et_pb_text][\/et_pb_column][et_pb_column type=&#8220;1_2&#8243; _builder_version=&#8220;4.24.2&#8243; _module_preset=&#8220;default&#8220; global_colors_info=&#8220;{}&#8220;][\/et_pb_column][\/et_pb_row][\/et_pb_section]<\/p>\n","protected":false},"excerpt":{"rendered":"<p>Brot &amp; Kommunikation Was haben gutes Brot und gute Kommunikation gemeinsam? Wir brauchen beides zum Leben! Tillasg\u00e5rden steht f\u00fcr gutes und nahrhaftes Brot sowie f\u00fcr gute und erfolgreiche Kommunikation. Langj\u00e4hrige Erfahrung und Kompetenz helfen uns dabei. Bianka Moberg ist seit vielen Jahren ausgebildete B\u00e4ckerin und Gesundheitsberaterin und hat erfolgreich eigene Rezepte entwickelt. Sie steckt hinter [&hellip;]<\/p>\n","protected":false},"author":1,"featured_media":0,"parent":0,"menu_order":0,"comment_status":"closed","ping_status":"closed","template":"","meta":{"_et_pb_use_builder":"on","_et_pb_old_content":"","_et_gb_content_width":"","footnotes":""},"class_list":["post-2028","page","type-page","status-publish","hentry"],"jetpack_sharing_enabled":true,"_links":{"self":[{"href":"https:\/\/tillasgarden.se\/de\/wp-json\/wp\/v2\/pages\/2028","targetHints":{"allow":["GET"]}}],"collection":[{"href":"https:\/\/tillasgarden.se\/de\/wp-json\/wp\/v2\/pages"}],"about":[{"href":"https:\/\/tillasgarden.se\/de\/wp-json\/wp\/v2\/types\/page"}],"author":[{"embeddable":true,"href":"https:\/\/tillasgarden.se\/de\/wp-json\/wp\/v2\/users\/1"}],"replies":[{"embeddable":true,"href":"https:\/\/tillasgarden.se\/de\/wp-json\/wp\/v2\/comments?post=2028"}],"version-history":[{"count":26,"href":"https:\/\/tillasgarden.se\/de\/wp-json\/wp\/v2\/pages\/2028\/revisions"}],"predecessor-version":[{"id":2250,"href":"https:\/\/tillasgarden.se\/de\/wp-json\/wp\/v2\/pages\/2028\/revisions\/2250"}],"wp:attachment":[{"href":"https:\/\/tillasgarden.se\/de\/wp-json\/wp\/v2\/media?parent=2028"}],"curies":[{"name":"wp","href":"https:\/\/api.w.org\/{rel}","templated":true}]}}