{"id":1989,"date":"2025-02-28T20:37:32","date_gmt":"2025-02-28T19:37:32","guid":{"rendered":"https:\/\/tillasgarden.se\/kaufbedingungen\/"},"modified":"2026-02-11T06:32:37","modified_gmt":"2026-02-11T05:32:37","slug":"kaufbedingungen","status":"publish","type":"page","link":"https:\/\/tillasgarden.se\/de\/kaufbedingungen\/","title":{"rendered":"Kaufbedingungen"},"content":{"rendered":"<p>[et_pb_section fb_built=&#8220;1&#8243; _builder_version=&#8220;4.27.4&#8243; _module_preset=&#8220;default&#8220; custom_padding=&#8220;0px|||||&#8220; global_colors_info=&#8220;{}&#8220;][et_pb_row _builder_version=&#8220;4.27.4&#8243; _module_preset=&#8220;default&#8220; custom_padding=&#8220;0px|||||&#8220; global_colors_info=&#8220;{}&#8220;][et_pb_column type=&#8220;4_4&#8243; _builder_version=&#8220;4.27.4&#8243; _module_preset=&#8220;default&#8220; global_colors_info=&#8220;{}&#8220;][et_pb_text _builder_version=&#8220;4.27.4&#8243; _module_preset=&#8220;default&#8220; custom_padding=&#8220;0px|||||&#8220; global_colors_info=&#8220;{}&#8220;]<\/p>\n<h1>Kaufbedingungen<\/h1>\n<p><strong>1. \u00dcber Tillasg\u00e5rden AB<\/strong><br \/>Der Firmensitz des Unternehmens ist in Leksand. Die Postanschrift des Unternehmens lautet R\u00e5ggattu 3, 79350 Leksand. <br \/>Wenn Sie mit uns in Kontakt treten m\u00f6chten, senden Sie bitte eine E-Mail mit Ihrem Anliegen und Ihren Kontaktdaten an info@tillasgarden.se, damit wir uns in K\u00fcrze bei Ihnen melden k\u00f6nnen.<\/p>\n<p><strong>2. Bestellung<\/strong><br \/>Sobald Sie Ihre Bestellung abgeschlossen haben, wird eine Bestellbest\u00e4tigung an Ihre E-Mail-Adresse gesendet. In der Best\u00e4tigung finden Sie alle Informationen zu Produkten, Preis, Rechnungs- und Lieferadresse. Sollte etwas in der Bestellbest\u00e4tigung falsch sein, kontaktieren Sie uns bitte umgehend per E-Mail an info@tillasgarden.se.  <\/p>\n<p><strong>3. Lieferung<\/strong><br \/>Unsere normalen Lieferzeiten betragen 5-8 Tage. ACHTUNG! Bestellungen, die an Wochenenden aufgegeben werden, werden fr\u00fchestens am darauffolgenden Montag versendet.<br \/>Sollte es zu Lieferverz\u00f6gerungen kommen (ohne dass wir Sie \u00fcber eine l\u00e4ngere Lieferzeit informiert haben), kontaktieren Sie uns bitte unter der E-Mail-Adresse: info@tillasgarden.se.  <\/p>\n<p><strong>4. Preise &amp; Bezahlung<\/strong><br \/>\nAlle Preise im Shop sind in Euro angegeben und enthalten entweder 12 % oder 25 % Mehrwertsteuer.<br \/>\nTillasg\u00e5rden AB berechnet bei Bestellung den vollen Betrag.<br \/>\nWenn Sie bei Tillasg\u00e5rden AB einkaufen, wird der Betrag ohne zus\u00e4tzliche Geb\u00fchren f\u00fcr die Kartenzahlung direkt von Ihrem Konto abgebucht.<br \/>\nLiefer- und Servicegeb\u00fchren fallen zus\u00e4tzlich an.<br \/>M\u00fcndliche Vereinbarungen werden nicht akzeptiert, Vereinbarungen m\u00fcssen schriftlich erfolgen!<br \/>Durch die Bestellung von Waren auf www.tillasg\u00e5rden.se akzeptieren Sie unsere Bedingungen. Wir behalten uns Preis\u00e4nderungen aufgrund von Preis\u00e4nderungen durch Lieferanten, Druckfehler in der Preisliste sowie Fehler in den Preisen aufgrund fehlerhafter Informationen vor und behalten uns das Recht vor, den Preis anzupassen.<\/p>\n<p><strong>5. Widerrufsrecht<\/strong><br \/>Beim Kauf von Waren auf der Website haben Sie als Kunde ein 14-t\u00e4giges Widerrufsrecht, das ab dem Tag gilt, an dem Sie eine von Ihnen bestellte Ware erhalten haben.<\/p>\n<p><strong>5.1 Bei Aus\u00fcbung Ihres Widerrufsrechts:<\/strong><br \/>Sie m\u00fcssen mitteilen, dass Sie Ihren Kauf widerrufen. Die Mitteilung ist an info@tillasgarden.se zu senden. Ihre Mitteilung muss Ihren Namen, Ihre Adresse, E-Mail-Adresse, Bestellnummer sowie die Waren, auf die sich die R\u00fccksendung bezieht, klar und deutlich enthalten.<br \/>Sie sollten die Produkte unverz\u00fcglich, sp\u00e4testens jedoch innerhalb von 14 Tagen nach der Widerrufserkl\u00e4rung an uns zur\u00fccksenden.<br \/>Sie tragen die Kosten f\u00fcr die R\u00fccksendung, Lieferung und den Zustand der Produkte bei der R\u00fccksendung. Die Produkte sollten daher gut verpackt und in der Originalverpackung versendet werden.<br \/>Wir behalten uns das Recht vor, vom R\u00fcckerstattungsbetrag einen Betrag abzuziehen, der der Wertminderung im Vergleich zum urspr\u00fcnglichen Wert der Ware bei gebrauchter oder besch\u00e4digter Ware entspricht.  <\/p>\n<p><strong>5.2 Das Widerrufsrecht gilt nicht f\u00fcr:<\/strong><br \/>Produkte, die aus Gr\u00fcnden des Gesundheitsschutzes oder der Hygiene versiegelt (verplombt) wurden und deren Versiegelung (Verplombung) von Ihnen aufgebrochen wurde.<br \/>Waren, die schnell verderben k\u00f6nnen, z. B. Lebensmittel.<br \/>Weitere Informationen zum gesetzlichen Widerrufsrecht finden Sie hier.<\/p>\n<p><strong>6. Reklamation und Beschwerden<\/strong><br \/>Wir pr\u00fcfen alle Produkte, bevor diese an Sie versendet werden. Sollte das Produkt dennoch besch\u00e4digt oder falsch versendet sein, verpflichten wir uns, den Fehler gem\u00e4\u00df den geltenden Verbraucherschutzgesetzen kostenlos zu beheben.<br \/>Sie m\u00fcssen uns immer kontaktieren, um eine Genehmigung zu erhalten, bevor Sie eine defekte Ware zur\u00fccksenden.<br \/>Die Beschwerde ist unverz\u00fcglich nach Feststellung des Mangels einzureichen. Reklamationen m\u00fcssen innerhalb einer angemessenen Frist nach Erhalt der Ware oder Dienstleistung erfolgen.  <\/p>\n<p><strong>6.1 Wie gehen Sie bei einer Reklamation vor?<\/strong><br \/>Eventuelle Fehler und Defekte sind immer an info@tillasgarden.se zu melden, wobei Sie Ihren Namen, Ihre Adresse, E-Mail-Adresse, Bestellnummer und eine Beschreibung des Fehlers angeben.<br \/>Wenn es uns nicht gelingt, den Fehler zu beheben oder ein \u00e4hnliches Produkt zu liefern, erstatten wir Ihnen das defekte Produkt gem\u00e4\u00df den geltenden Verbraucherschutzgesetzen. Wir \u00fcbernehmen die Kosten f\u00fcr die R\u00fccksendung bei genehmigten Reklamationen.<br \/>Wir behalten uns das Recht vor, eine Reklamation abzulehnen, wenn sich herausstellt, dass die Ware nicht gem\u00e4\u00df den geltenden Verbraucherschutzgesetzen fehlerhaft ist. Bei Reklamationen richten wir uns nach den Richtlinien des Allgemeinen Reklamationsausschusses, siehe arn.se.  <\/p>\n<p><strong>7. Haftungsbeschr\u00e4nkung<\/strong><br \/>Wir \u00fcbernehmen keine Haftung f\u00fcr indirekte Sch\u00e4den, die aufgrund des Produkts entstehen k\u00f6nnen.<br \/>Wir \u00fcbernehmen keine Haftung f\u00fcr Verz\u00f6gerungen\/Fehler, die auf Umst\u00e4nde au\u00dferhalb des Einflussbereichs des Unternehmens zur\u00fcckzuf\u00fchren sind (h\u00f6here Gewalt). Diese Umst\u00e4nde k\u00f6nnen beispielsweise Arbeitskonflikte, Br\u00e4nde, Kriege, beh\u00f6rdliche Entscheidungen, reduzierte oder ausgebliebene Lieferungen von Lieferanten sein.<br \/>Dar\u00fcber hinaus wird keine Haftung f\u00fcr eventuelle \u00c4nderungen an Produkten\/Produkteigenschaften \u00fcbernommen, die von den jeweiligen Lieferanten und anderen Faktoren au\u00dferhalb unserer Kontrolle ge\u00e4ndert wurden. <\/p>\n<p><strong>8. Produktinformationen<\/strong><br \/>Wir behalten uns eventuelle Druckfehler auf dieser Website sowie den Ausverkauf von Produkten vor. Wir garantieren nicht, dass die Bilder das exakte Aussehen der Produkte wiedergeben, da je nach Bildschirm, Fotoqualit\u00e4t und Aufl\u00f6sung ein gewisser Farbunterschied auftreten kann. Wir sind stets bem\u00fcht, die Produkte so korrekt wie m\u00f6glich darzustellen.  <\/p>\n<p><strong>9. Informationen \u00fcber Cookies<\/strong><br \/>Gem\u00e4\u00df dem Gesetz \u00fcber elektronische Informationen m\u00fcssen Besucher einer Website aus Gr\u00fcnden des Datenschutzes dar\u00fcber informiert werden, dass Cookies verwendet werden. Die Informationen im Cookie k\u00f6nnen verwendet werden, um das Surfverhalten eines Benutzers zu verfolgen. Ein Cookie ist eine kleine Textdatei, die die von Ihnen besuchte Website auffordert, auf Ihrem Computer zu speichern, um Zugriff auf verschiedene Funktionen zu gew\u00e4hren. Es ist m\u00f6glich, Ihren Browser so einzustellen, dass er Cookies automatisch ablehnt. Weitere Informationen finden Sie auf der Website der schwedischen Post- und Telekommunikationsbeh\u00f6rde.    <\/p>\n<p><strong>10. Personenbezogene Daten<\/strong><br \/>Durch den Einkauf bei Tillasg\u00e5rden AB akzeptieren Sie unsere Datenschutzrichtlinie und unsere Verarbeitung Ihrer personenbezogenen Daten. Wir sch\u00fctzen Ihre Privatsph\u00e4re und sammeln nicht mehr Daten als n\u00f6tig, um Ihre Bestellung zu bearbeiten. Wir verkaufen oder geben Ihre Daten niemals ohne Rechtsgrundlage an Dritte weiter.<br \/>Tillasg\u00e5rden AB ist verantwortlich f\u00fcr die Verarbeitung der personenbezogenen Daten, die Sie uns als Kunde zur Verf\u00fcgung gestellt haben. Ihre personenbezogenen Daten werden von uns verarbeitet, um Ihre Bestellung bearbeiten zu k\u00f6nnen sowie in den F\u00e4llen, in denen Sie Newsletter oder Sonderangebote gew\u00fcnscht haben &#8211; um die Werbung an Ihre individuellen Bed\u00fcrfnisse anpassen zu k\u00f6nnen.<br \/>Die folgenden Informationen sind eine Zusammenfassung, wie wir Ihre Daten gem\u00e4\u00df der Datenschutzgrundverordnung (DSGVO) speichern und verarbeiten.   <\/p>\n<p><strong>10.1 Was sind personenbezogene Daten?<\/strong><br \/>Personenbezogene Daten sind alle Informationen, die direkt oder indirekt einer nat\u00fcrlichen Person zugeordnet werden k\u00f6nnen.<\/p>\n<p><strong>10.2 Welche Daten speichern wir?<\/strong><br \/>Um Ihre Bestellung bearbeiten und Fragen zu Ihrer Bestellung beantworten zu k\u00f6nnen (Kundendienst), speichern wir Ihren Vor- und Nachnamen, Ihre Adresse, Telefonnummer, E-Mail-Adresse, IP-Adresse und Ihren Kaufverlauf.<br \/>Ihre Daten werden so lange gespeichert, wie wir eine Rechtsgrundlage haben, Ihre Daten zu verarbeiten, beispielsweise um den Vertrag zwischen uns zu erf\u00fcllen oder um eine rechtliche Verpflichtung beispielsweise gem\u00e4\u00df dem Buchf\u00fchrungsgesetz zu erf\u00fcllen.<\/p>\n<p><strong>10.3 Rechtsgrundlage<\/strong><br \/>Im Zusammenhang mit einem Kauf werden Ihre personenbezogenen Daten verarbeitet, um den Vertrag mit Ihnen zu erf\u00fcllen.<br \/>Marketing, Kampagnen und \u00e4hnliche Aussendungen erfolgen nach Ihrer Zustimmung.<\/p>\n<p><strong>10.4 Welche Daten werden zu welchem Zweck weitergegeben?<\/strong><\/p>\n<p><strong>10.4.1 Zahlungsanbieter<\/strong><br \/>Bei der Durchf\u00fchrung eines Kaufs werden Informationen an unseren Zahlungsanbieter weitergegeben. Gespeichert werden Vorname, Nachname, Adresse, E-Mail-Adresse und Telefonnummer.<br \/>Wenn Sie mit Rechnung bezahlen, wird auch Ihre Personalausweisnummer beim Zahlungsanbieter gespeichert. Die Informationen werden gespeichert, um den Kauf durchf\u00fchren und die Parteien vor Betrug sch\u00fctzen zu k\u00f6nnen.<br \/>Die von uns verwendeten Zahlungsanbieter (Zahlungsdienste) sind: Worldline, Swish.  <\/p>\n<p><strong>10.4.2 Versandunternehmen<\/strong><br \/>Um Ihre Bestellungen liefern und unseren Vertrag erf\u00fcllen zu k\u00f6nnen, m\u00fcssen wir bestimmte Informationen an das Versandunternehmen weitergeben.<br \/>An das Versandunternehmen werden Vorname, Nachname sowie Adressdaten f\u00fcr die Lieferung weitergegeben.<br \/>E-Mail-Adresse und\/oder Mobiltelefonnummer k\u00f6nnen ebenfalls an das Versandunternehmen zur Benachrichtigung weitergegeben werden.<\/p>\n<p><strong>10.5 Recht auf Auskunft<\/strong><br \/>Sie haben das Recht, Ausz\u00fcge aller Informationen \u00fcber Sie bei uns zu erhalten. Ausz\u00fcge werden elektronisch in einem lesbaren Format geliefert. <\/p>\n<p><strong>10.6 Recht auf Berichtigung<\/strong><br \/>Sie haben das Recht, uns aufzufordern, fehlerhafte Informationen zu aktualisieren oder unvollst\u00e4ndige Informationen zu erg\u00e4nzen.<\/p>\n<p><strong>10.7 Recht auf Vergessenwerden<\/strong><br \/>Sie k\u00f6nnen jederzeit verlangen, dass die Sie betreffenden Daten gel\u00f6scht werden.<br \/>Es gibt nur wenige Ausnahmen vom Recht auf L\u00f6schung, z. B. wenn sie aufbewahrt werden m\u00fcssen, damit wir eine rechtliche Verpflichtung erf\u00fcllen m\u00fcssen (z. B. gem\u00e4\u00df dem Buchf\u00fchrungsgesetz).<\/p>\n<p><strong>10.8 Verantwortlich f\u00fcr den Datenschutz<\/strong><br \/>Tillasg\u00e5rden AB ist verantwortlich f\u00fcr die Speicherung und Verarbeitung von personenbezogenen Daten im Webshop und stellt sicher, dass die Regeln eingehalten werden.<\/p>\n<p><strong>10.9 So sch\u00fctzen wir Ihre personenbezogenen Daten<\/strong><br \/>Wir verwenden Industriestandards wie SSL\/TLS und Einweg-Hash-Algorithmen, um sensible Informationen wie personenbezogene Daten und Passw\u00f6rter sicher zu speichern, zu verarbeiten und zu kommunizieren.<\/p>\n<p><strong>11. \u00c4nderungen der Allgemeinen Gesch\u00e4ftsbedingungen<\/strong><br \/>Wir behalten uns das Recht vor, jederzeit \u00c4nderungen an den Bedingungen vorzunehmen. \u00c4nderungen der Bedingungen werden online auf der Website ver\u00f6ffentlicht. Die ge\u00e4nderten Bedingungen gelten im Zusammenhang mit einer Bestellung oder einem Besuch der Website als akzeptiert.  <\/p>\n<p><strong>12. Streitigkeiten und Rechtswahl<\/strong><br \/>F\u00fcr den Fall, dass eine Streitigkeit nicht im Einvernehmen mit dem Kundendienst des Unternehmens und dem Kunden beigelegt werden kann, k\u00f6nnen Sie sich als Kunde an den Allgemeinen Reklamationsausschuss wenden, siehe arn.se. Einwohner eines anderen EU-Landes als Schweden k\u00f6nnen online \u00fcber die Plattform der EU-Kommission zur Streitbeilegung Beschwerden einreichen, siehe http:\/\/ec.europa.eu\/consumers\/odr<br \/>Bei eventuellen Streitigkeiten folgen wir den Entscheidungen des ARN oder eines entsprechenden Streitbeilegungsgremiums.<br \/>Streitigkeiten \u00fcber die Auslegung oder Anwendung dieser Allgemeinen Gesch\u00e4ftsbedingungen sind nach schwedischem Recht auszulegen. <\/p>\n<p>[\/et_pb_text][\/et_pb_column][\/et_pb_row][\/et_pb_section]<\/p>\n","protected":false},"excerpt":{"rendered":"<p>Kaufbedingungen 1. \u00dcber Tillasg\u00e5rden ABDer Firmensitz des Unternehmens ist in Leksand. Die Postanschrift des Unternehmens lautet R\u00e5ggattu 3, 79350 Leksand. Wenn Sie mit uns in Kontakt treten m\u00f6chten, senden Sie bitte eine E-Mail mit Ihrem Anliegen und Ihren Kontaktdaten an info@tillasgarden.se, damit wir uns in K\u00fcrze bei Ihnen melden k\u00f6nnen. 2. BestellungSobald Sie Ihre Bestellung [&hellip;]<\/p>\n","protected":false},"author":1,"featured_media":0,"parent":0,"menu_order":0,"comment_status":"closed","ping_status":"closed","template":"","meta":{"_et_pb_use_builder":"on","_et_pb_old_content":"","_et_gb_content_width":"","footnotes":""},"class_list":["post-1989","page","type-page","status-publish","hentry"],"jetpack_sharing_enabled":true,"_links":{"self":[{"href":"https:\/\/tillasgarden.se\/de\/wp-json\/wp\/v2\/pages\/1989","targetHints":{"allow":["GET"]}}],"collection":[{"href":"https:\/\/tillasgarden.se\/de\/wp-json\/wp\/v2\/pages"}],"about":[{"href":"https:\/\/tillasgarden.se\/de\/wp-json\/wp\/v2\/types\/page"}],"author":[{"embeddable":true,"href":"https:\/\/tillasgarden.se\/de\/wp-json\/wp\/v2\/users\/1"}],"replies":[{"embeddable":true,"href":"https:\/\/tillasgarden.se\/de\/wp-json\/wp\/v2\/comments?post=1989"}],"version-history":[{"count":7,"href":"https:\/\/tillasgarden.se\/de\/wp-json\/wp\/v2\/pages\/1989\/revisions"}],"predecessor-version":[{"id":2121,"href":"https:\/\/tillasgarden.se\/de\/wp-json\/wp\/v2\/pages\/1989\/revisions\/2121"}],"wp:attachment":[{"href":"https:\/\/tillasgarden.se\/de\/wp-json\/wp\/v2\/media?parent=1989"}],"curies":[{"name":"wp","href":"https:\/\/api.w.org\/{rel}","templated":true}]}}