{"id":1979,"date":"2023-04-06T10:29:06","date_gmt":"2023-04-06T08:29:06","guid":{"rendered":"https:\/\/tillasgarden.se\/rezepte\/"},"modified":"2026-02-10T14:14:41","modified_gmt":"2026-02-10T13:14:41","slug":"rezepte","status":"publish","type":"page","link":"https:\/\/tillasgarden.se\/de\/rezepte\/","title":{"rendered":"Rezepte"},"content":{"rendered":"<p>[et_pb_section fb_built=&#8220;1&#8243; _builder_version=&#8220;4.20.4&#8243; _module_preset=&#8220;default&#8220; custom_margin=&#8220;45px||||false|false&#8220; custom_padding=&#8220;||0px||false|false&#8220; global_colors_info=&#8220;{}&#8220;][et_pb_row _builder_version=&#8220;4.20.4&#8243; _module_preset=&#8220;default&#8220; custom_margin=&#8220;-102px|auto||auto||&#8220; custom_padding=&#8220;||11px|||&#8220; global_colors_info=&#8220;{}&#8220;][et_pb_column type=&#8220;4_4&#8243; _builder_version=&#8220;4.20.4&#8243; _module_preset=&#8220;default&#8220; global_colors_info=&#8220;{}&#8220;][et_pb_text _builder_version=&#8220;4.24.2&#8243; _module_preset=&#8220;default&#8220; header_font=&#8220;|300||on|||||&#8220; header_letter_spacing=&#8220;1px&#8220; hover_enabled=&#8220;0&#8243; global_colors_info=&#8220;{}&#8220; sticky_enabled=&#8220;0&#8243;]<\/p>\n<h1 style=\"text-align: center;\">Leckere Rezepte von Tillasg\u00e5rden<\/h1>\n<p>[\/et_pb_text][\/et_pb_column][\/et_pb_row][\/et_pb_section][et_pb_section fb_built=&#8220;1&#8243; _builder_version=&#8220;4.20.4&#8243; _module_preset=&#8220;default&#8220; custom_padding=&#8220;6px|||||&#8220; global_colors_info=&#8220;{}&#8220;][et_pb_row column_structure=&#8220;2_5,3_5&#8243; _builder_version=&#8220;4.20.4&#8243; _module_preset=&#8220;default&#8220; custom_padding=&#8220;6px|||||&#8220; global_colors_info=&#8220;{}&#8220;][et_pb_column type=&#8220;2_5&#8243; _builder_version=&#8220;4.20.4&#8243; _module_preset=&#8220;default&#8220; global_colors_info=&#8220;{}&#8220;][et_pb_image src=&#8220;https:\/\/tillasgarden.se\/wp-content\/uploads\/2023\/04\/kavring.jpg&#8220; title_text=&#8220;Kavring&#8220; _builder_version=&#8220;4.20.4&#8243; _module_preset=&#8220;default&#8220; global_colors_info=&#8220;{}&#8220;][\/et_pb_image][\/et_pb_column][et_pb_column type=&#8220;3_5&#8243; _builder_version=&#8220;4.20.4&#8243; _module_preset=&#8220;default&#8220; global_colors_info=&#8220;{}&#8220;][et_pb_text admin_label=&#8220;Kavring utan sirap&#8220; _builder_version=&#8220;4.20.4&#8243; _module_preset=&#8220;default&#8220; header_line_height=&#8220;1.7em&#8220; global_colors_info=&#8220;{}&#8220;]<\/p>\n<h2>Kavring ohne Sirup \u2013 Frankenlaib<\/h2>\n<p>Du kannst die Kavringmischung auch ohne Sirup backen:<\/p>\n<p>F\u00fcge einfach 420 g lauwarmes Wasser und 15 g frische Hefe hinzu und fahre gem\u00e4\u00df der Beschreibung auf dem Etikett fort.<br \/>Der Teig kann zu einem runden Brotlaib geformt oder als Kastenbrot gebacken werden.<\/p>\n<p>Du erh\u00e4ltst ein Gew\u00fcrzbrot mit einem sehr guten Brotgeschmack, das in Deutschland als Frankenlaib bekannt ist.<\/p>\n<p><em>Guten Appetit!<\/em><\/p>\n<p>[\/et_pb_text][\/et_pb_column][\/et_pb_row][et_pb_row column_structure=&#8220;2_5,3_5&#8243; _builder_version=&#8220;4.20.4&#8243; _module_preset=&#8220;default&#8220; global_colors_info=&#8220;{}&#8220;][et_pb_column type=&#8220;2_5&#8243; _builder_version=&#8220;4.20.4&#8243; _module_preset=&#8220;default&#8220; global_colors_info=&#8220;{}&#8220;][et_pb_image src=&#8220;https:\/\/tillasgarden.se\/wp-content\/uploads\/2023\/04\/danskt_ragbrod-2.jpg&#8220; title_text=&#8220;daenisches_ragbrod&#8220; _builder_version=&#8220;4.20.4&#8243; _module_preset=&#8220;default&#8220; global_colors_info=&#8220;{}&#8220;][\/et_pb_image][\/et_pb_column][et_pb_column type=&#8220;3_5&#8243; _builder_version=&#8220;4.20.4&#8243; _module_preset=&#8220;default&#8220; global_colors_info=&#8220;{}&#8220;][et_pb_text admin_label=&#8220;Danskt R\u00e5gbr\u00f6d&#8220; _builder_version=&#8220;4.20.4&#8243; _module_preset=&#8220;default&#8220; header_line_height=&#8220;1.7em&#8220; global_colors_info=&#8220;{}&#8220;]<\/p>\n<h2>D\u00e4nisches Roggenbrot ohne Sirup (zwei Varianten)<\/h2>\n<p>Es funktioniert auch mit dem D\u00e4nischen Roggenbrot, ohne Sirup zu backen.<\/p>\n<p>F\u00fcge einfach 410 g lauwarmes Wasser und 15 g frische Hefe hinzu und fahre gem\u00e4\u00df der Beschreibung auf dem Etikett fort.<br \/>Der Teig kann zu einem runden Brotlaib geformt oder als Kastenbrot gebacken werden.<\/p>\n<p>Du kannst aus der D\u00e4nischen Mischung auch ein leckeres Bierbrot backen.<br \/>F\u00fcge einfach 410 g Bier und 15 g frische Hefe hinzu und fahre gem\u00e4\u00df der Beschreibung auf dem Etikett fort.<\/p>\n<p>Der Teig kann zu einem runden Brotlaib geformt oder als Kastenbrot gebacken werden.<br \/>Das Bier verleiht dem Brot einen malzigen Geschmack. Hinweis: Die Hefe im Bier sorgt daf\u00fcr, dass der Teig schneller geht.<\/p>\n<p>&nbsp;<\/p>\n<p>[\/et_pb_text][\/et_pb_column][\/et_pb_row][et_pb_row column_structure=&#8220;2_5,3_5&#8243; _builder_version=&#8220;4.20.4&#8243; _module_preset=&#8220;default&#8220; global_colors_info=&#8220;{}&#8220;][et_pb_column type=&#8220;2_5&#8243; _builder_version=&#8220;4.20.4&#8243; _module_preset=&#8220;default&#8220; global_colors_info=&#8220;{}&#8220;][et_pb_image src=&#8220;https:\/\/tillasgarden.se\/wp-content\/uploads\/2023\/04\/pizza2.jpg&#8220; title_text=&#8220;pizza2&#8243; _builder_version=&#8220;4.20.4&#8243; _module_preset=&#8220;default&#8220; global_colors_info=&#8220;{}&#8220;][\/et_pb_image][\/et_pb_column][et_pb_column type=&#8220;3_5&#8243; _builder_version=&#8220;4.20.4&#8243; _module_preset=&#8220;default&#8220; global_colors_info=&#8220;{}&#8220;][et_pb_text admin_label=&#8220;Pizza&#8220; _builder_version=&#8220;4.20.4&#8243; _module_preset=&#8220;default&#8220; header_line_height=&#8220;1.7em&#8220; global_colors_info=&#8220;{}&#8220;]<\/p>\n<h2>Focaccia und Pizza mit Sauerteigbaguettemischung<\/h2>\n<p>Mit dem Sauerteigbaguetteteig k\u00f6nnen auch eine leckere Focaccia oder Pizzas zubereitet werden:<\/p>\n<p>Bereite den Teig gem\u00e4\u00df der Beschreibung auf dem Etikett zu und w\u00e4hle den gew\u00fcnschten Belag aus.<br \/>Etwa 15 Minuten gehen lassen.<\/p>\n<p>Den Ofen auf ca. 225 \u00b0C vorheizen und die Pizza\/Focaccia 15\u201320 Minuten backen.<\/p>\n<p>[\/et_pb_text][\/et_pb_column][\/et_pb_row][et_pb_row column_structure=&#8220;2_5,3_5&#8243; _builder_version=&#8220;4.20.4&#8243; _module_preset=&#8220;default&#8220; global_colors_info=&#8220;{}&#8220;][et_pb_column type=&#8220;2_5&#8243; _builder_version=&#8220;4.20.4&#8243; _module_preset=&#8220;default&#8220; global_colors_info=&#8220;{}&#8220;][et_pb_image src=&#8220;https:\/\/tillasgarden.se\/wp-content\/uploads\/2023\/04\/bondbrod_med_fron.jpg&#8220; title_text=&#8220;bondbrod_med_fron&#8220; _builder_version=&#8220;4.20.4&#8243; _module_preset=&#8220;default&#8220; global_colors_info=&#8220;{}&#8220;][\/et_pb_image][\/et_pb_column][et_pb_column type=&#8220;3_5&#8243; _builder_version=&#8220;4.20.4&#8243; _module_preset=&#8220;default&#8220; global_colors_info=&#8220;{}&#8220;][et_pb_text admin_label=&#8220;Bondbr\u00f6d med fr\u00f6n&#8220; _builder_version=&#8220;4.20.4&#8243; _module_preset=&#8220;default&#8220; header_line_height=&#8220;1.7em&#8220; global_colors_info=&#8220;{}&#8220;]<\/p>\n<h2>Bauernbrot mit Saaten<\/h2>\n<p>Wenn Du dem Bauernbrotteig folgendes hinzuf\u00fcgst: Sesam und Leinsamen, erh\u00e4ltst Du ein helles Sauerteigbrot mit nussigem Geschmack von Sesam und Leinsamen.<\/p>\n<p>Sehr beliebt und einfach zuzubereiten.<\/p>\n<p>[\/et_pb_text][\/et_pb_column][\/et_pb_row][et_pb_row column_structure=&#8220;2_5,3_5&#8243; _builder_version=&#8220;4.20.4&#8243; _module_preset=&#8220;default&#8220; global_colors_info=&#8220;{}&#8220;][et_pb_column type=&#8220;2_5&#8243; _builder_version=&#8220;4.20.4&#8243; _module_preset=&#8220;default&#8220; global_colors_info=&#8220;{}&#8220;][et_pb_image src=&#8220;https:\/\/tillasgarden.se\/wp-content\/uploads\/2023\/04\/muslibrod.jpg&#8220; title_text=&#8220;muslibrod&#8220; _builder_version=&#8220;4.20.4&#8243; _module_preset=&#8220;default&#8220; global_colors_info=&#8220;{}&#8220;][\/et_pb_image][\/et_pb_column][et_pb_column type=&#8220;3_5&#8243; _builder_version=&#8220;4.20.4&#8243; _module_preset=&#8220;default&#8220; global_colors_info=&#8220;{}&#8220;][et_pb_text admin_label=&#8220;Muslibr\u00f6d&#8220; _builder_version=&#8220;4.20.4&#8243; _module_preset=&#8220;default&#8220; header_line_height=&#8220;1.7em&#8220; global_colors_info=&#8220;{}&#8220;]<\/p>\n<h2>M\u00fcslibrot mit Dinkelbrot\/Vollkornbrot<\/h2>\n<p>F\u00fcge eine Handvoll Trockenfr\u00fcchte (Aprikosen, Datteln, Pflaumen, Feigen usw.) zum Teig des Dinkelbrotes oder Vollkornbrotes hinzu, und Du erh\u00e4ltst ein fantastisch leckeres M\u00fcslibrot.<\/p>\n<p>[\/et_pb_text][\/et_pb_column][\/et_pb_row][et_pb_row column_structure=&#8220;2_5,3_5&#8243; _builder_version=&#8220;4.20.4&#8243; _module_preset=&#8220;default&#8220; global_colors_info=&#8220;{}&#8220;][et_pb_column type=&#8220;2_5&#8243; _builder_version=&#8220;4.20.4&#8243; _module_preset=&#8220;default&#8220; global_colors_info=&#8220;{}&#8220;][et_pb_image src=&#8220;https:\/\/tillasgarden.se\/wp-content\/uploads\/2023\/04\/semlor.jpg&#8220; title_text=&#8220;semlor&#8220; _builder_version=&#8220;4.20.4&#8243; _module_preset=&#8220;default&#8220; global_colors_info=&#8220;{}&#8220;][\/et_pb_image][\/et_pb_column][et_pb_column type=&#8220;3_5&#8243; _builder_version=&#8220;4.20.4&#8243; _module_preset=&#8220;default&#8220; global_colors_info=&#8220;{}&#8220;][et_pb_text admin_label=&#8220;Semlor&#8220; _builder_version=&#8220;4.20.4&#8243; _module_preset=&#8220;default&#8220; header_line_height=&#8220;1.7em&#8220; global_colors_info=&#8220;{}&#8220;]<\/p>\n<h2>Semlor mit Zuckerkringel-Teig<\/h2>\n<p>Wenn Du Semlor magst, kannst Du mit Zuckerkringel-Teig wunderbare Semlor-Br\u00f6tchen backen.<\/p>\n<p>Du folgst der Beschreibung auf dem Etikett.<\/p>\n<p>Wiege die Teigst\u00fccke mit 50\u201360 g ab, dann erh\u00e4ltst Du ca. 20 Semlor. Rolle die runden Teigst\u00fccke und lasse sie auf einem Backblech abgedeckt und an einem warmen Ort ca. 40\u201360 Minuten gehen.<\/p>\n<p>Den Ofen auf ca. 210 \u00b0C (190 \u00b0C Umluft) vorheizen und die Semlor 8\u201310 Minuten backen.<\/p>\n<p>Lege die frisch gebackenen Semlor kurz nach dem Backen in eine Plastikt\u00fcte, damit sie weich bleiben. Man kann sie gut einfrieren und nach Bedarf auftauen.<br \/>Mit Mandelmasse und Sahne f\u00fcllen \u2013 echter Genuss!<\/p>\n<p>[\/et_pb_text][\/et_pb_column][\/et_pb_row][\/et_pb_section]<\/p>\n","protected":false},"excerpt":{"rendered":"<p>Leckere Rezepte von Tillasg\u00e5rdenKavring ohne Sirup \u2013 Frankenlaib Du kannst die Kavringmischung auch ohne Sirup backen: F\u00fcge einfach 420 g lauwarmes Wasser und 15 g frische Hefe hinzu und fahre gem\u00e4\u00df der Beschreibung auf dem Etikett fort.Der Teig kann zu einem runden Brotlaib geformt oder als Kastenbrot gebacken werden. Du erh\u00e4ltst ein Gew\u00fcrzbrot mit einem [&hellip;]<\/p>\n","protected":false},"author":1,"featured_media":0,"parent":0,"menu_order":0,"comment_status":"closed","ping_status":"closed","template":"","meta":{"_et_pb_use_builder":"on","_et_pb_old_content":"","_et_gb_content_width":"","footnotes":""},"class_list":["post-1979","page","type-page","status-publish","hentry"],"jetpack_sharing_enabled":true,"_links":{"self":[{"href":"https:\/\/tillasgarden.se\/de\/wp-json\/wp\/v2\/pages\/1979","targetHints":{"allow":["GET"]}}],"collection":[{"href":"https:\/\/tillasgarden.se\/de\/wp-json\/wp\/v2\/pages"}],"about":[{"href":"https:\/\/tillasgarden.se\/de\/wp-json\/wp\/v2\/types\/page"}],"author":[{"embeddable":true,"href":"https:\/\/tillasgarden.se\/de\/wp-json\/wp\/v2\/users\/1"}],"replies":[{"embeddable":true,"href":"https:\/\/tillasgarden.se\/de\/wp-json\/wp\/v2\/comments?post=1979"}],"version-history":[{"count":5,"href":"https:\/\/tillasgarden.se\/de\/wp-json\/wp\/v2\/pages\/1979\/revisions"}],"predecessor-version":[{"id":2062,"href":"https:\/\/tillasgarden.se\/de\/wp-json\/wp\/v2\/pages\/1979\/revisions\/2062"}],"wp:attachment":[{"href":"https:\/\/tillasgarden.se\/de\/wp-json\/wp\/v2\/media?parent=1979"}],"curies":[{"name":"wp","href":"https:\/\/api.w.org\/{rel}","templated":true}]}}