{"id":1976,"date":"2023-04-05T18:38:37","date_gmt":"2023-04-05T16:38:37","guid":{"rendered":"https:\/\/tillasgarden.se\/kontaktiere-uns\/"},"modified":"2026-02-24T17:12:33","modified_gmt":"2026-02-24T16:12:33","slug":"kontaktiere-uns","status":"publish","type":"page","link":"https:\/\/tillasgarden.se\/de\/kontaktiere-uns\/","title":{"rendered":"Kontakt"},"content":{"rendered":"<p>[et_pb_section fb_built=&#8220;1&#8243; _builder_version=&#8220;4.20.4&#8243; _module_preset=&#8220;default&#8220; min_height=&#8220;661px&#8220; custom_padding=&#8220;32px|||||&#8220; global_colors_info=&#8220;{}&#8220;][et_pb_row column_structure=&#8220;1_2,1_2&#8243; _builder_version=&#8220;4.20.4&#8243; _module_preset=&#8220;default&#8220; global_colors_info=&#8220;{}&#8220;][et_pb_column type=&#8220;1_2&#8243; _builder_version=&#8220;4.20.4&#8243; _module_preset=&#8220;default&#8220; global_colors_info=&#8220;{}&#8220;][et_pb_text _builder_version=&#8220;4.27.5&#8243; _module_preset=&#8220;default&#8220; header_font=&#8220;|300||on|||||&#8220; header_3_font=&#8220;||||||||&#8220; hover_enabled=&#8220;0&#8243; global_colors_info=&#8220;{}&#8220; sticky_enabled=&#8220;0&#8243;]<\/p>\n<h1>Kontakt<\/h1>\n<h3>Tillasg\u00e5rden AB<\/h3>\n<p>SE 793 50 Leksand, Schweden<br \/>+46 (0)70 719 66 09<br \/><a href=\"mailto:info@tillasgarden.se\">info@tillasgarden.se<\/a><\/p>\n<p>Ein kleiner Selbstbedienungsladen befindet sich auf dem Hof, wo Du unsere Bio-Backmischungen und professionelles Zubeh\u00f6r wie G\u00e4rk\u00f6rbe oder Backformen f\u00fcr Brot kaufen kannst. Man bezahlt mit Swish oder bar. Wir haben kein gro\u00dfes Lager, daher bitten wir, gr\u00f6\u00dfere Mengen im Voraus zu bestellen, danke!<\/p>\n<div dir=\"auto\">\u00a0<\/div>\n<div dir=\"auto\">Wenn Du sicher sein willst, uns pers\u00f6nlich anzutreffen, ist eine Terminvereinbarung ebenfalls m\u00f6glich. Bitte kontaktiere uns in diesem Fall unter den oben genannten Daten.<\/div>\n<p>[\/et_pb_text][et_pb_text admin_label=&#8220;formul\u00e4r&#8220; _builder_version=&#8220;4.20.4&#8243; _module_preset=&#8220;default&#8220; global_colors_info=&#8220;{}&#8220;]<\/p>\n\n<div class=\"wpcf7 no-js\" id=\"wpcf7-f1967-o1\" lang=\"de-DE\" dir=\"ltr\" data-wpcf7-id=\"1967\">\n<div class=\"screen-reader-response\"><p role=\"status\" aria-live=\"polite\" aria-atomic=\"true\"><\/p> <ul><\/ul><\/div>\n<form action=\"\/de\/wp-json\/wp\/v2\/pages\/1976#wpcf7-f1967-o1\" method=\"post\" class=\"wpcf7-form init\" aria-label=\"Kontaktformular\" novalidate=\"novalidate\" data-status=\"init\">\n<fieldset class=\"hidden-fields-container\"><input type=\"hidden\" name=\"_wpcf7\" value=\"1967\" \/><input type=\"hidden\" name=\"_wpcf7_version\" value=\"6.1.5\" \/><input type=\"hidden\" name=\"_wpcf7_locale\" value=\"de_DE\" \/><input type=\"hidden\" name=\"_wpcf7_unit_tag\" value=\"wpcf7-f1967-o1\" \/><input type=\"hidden\" name=\"_wpcf7_container_post\" value=\"0\" \/><input type=\"hidden\" name=\"_wpcf7_posted_data_hash\" value=\"\" \/>\n<\/fieldset>\n<p><label> Dein Name<br \/>\n<span class=\"wpcf7-form-control-wrap\" data-name=\"your-name\"><input size=\"40\" maxlength=\"400\" class=\"wpcf7-form-control wpcf7-text wpcf7-validates-as-required\" autocomplete=\"name\" aria-required=\"true\" aria-invalid=\"false\" value=\"\" type=\"text\" name=\"your-name\" \/><\/span> <\/label>\n<\/p>\n<p><label> Deine E-Mail-Adresse<br \/>\n<span class=\"wpcf7-form-control-wrap\" data-name=\"your-email\"><input size=\"40\" maxlength=\"400\" class=\"wpcf7-form-control wpcf7-email wpcf7-validates-as-required wpcf7-text wpcf7-validates-as-email\" autocomplete=\"email\" aria-required=\"true\" aria-invalid=\"false\" value=\"\" type=\"email\" name=\"your-email\" \/><\/span> <\/label>\n<\/p>\n<p><label> Betreff<br \/>\n<span class=\"wpcf7-form-control-wrap\" data-name=\"your-subject\"><input size=\"40\" maxlength=\"400\" class=\"wpcf7-form-control wpcf7-text wpcf7-validates-as-required\" aria-required=\"true\" aria-invalid=\"false\" value=\"\" type=\"text\" name=\"your-subject\" \/><\/span> <\/label>\n<\/p>\n<p><label> Ihre Nachricht<br \/>\n<span class=\"wpcf7-form-control-wrap\" data-name=\"your-message\"><textarea cols=\"40\" rows=\"10\" maxlength=\"2000\" class=\"wpcf7-form-control wpcf7-textarea wpcf7-validates-as-required\" aria-required=\"true\" aria-invalid=\"false\" name=\"your-message\"><\/textarea><\/span> <\/label>\n<\/p>\n<p><input class=\"wpcf7-form-control wpcf7-submit has-spinner\" type=\"submit\" value=\"Senden\" \/>\n<\/p><div class=\"wpcf7-response-output\" aria-hidden=\"true\"><\/div>\n<\/form>\n<\/div>\n\n<p>[\/et_pb_text][\/et_pb_column][et_pb_column type=&#8220;1_2&#8243; _builder_version=&#8220;4.20.4&#8243; _module_preset=&#8220;default&#8220; global_colors_info=&#8220;{}&#8220;][et_pb_image src=&#8220;https:\/\/tillasgarden.se\/wp-content\/uploads\/2023\/04\/kontaktbild.jpg&#8220; title_text=&#8220;Kontaktbild&#8220; _builder_version=&#8220;4.20.4&#8243; _module_preset=&#8220;default&#8220; global_colors_info=&#8220;{}&#8220;][\/et_pb_image][et_pb_text admin_label=&#8220;\u00c5terf\u00f6rs\u00e4ljare&#8220; _builder_version=&#8220;4.27.4&#8243; _module_preset=&#8220;default&#8220; header_font=&#8220;|300||on|||||&#8220; header_2_font=&#8220;|300||on|||||&#8220; global_colors_info=&#8220;{}&#8220;]<\/p>\n<h2>Wiederverk\u00e4ufer<\/h2>\n<p><strong>Leksands Kn\u00e4ckebr\u00f6d AB<\/strong><br \/>G\u00e4rde Stationsv\u00e4gen 11, 793 50 Leksand https:\/\/www.leksands.se\/bageributik\/<\/p>\n<p><strong>Dalm\u00e5l Cafe &amp; Hantverk \/ Klockarg\u00e5rden<\/strong><br \/>T\u00e4llberg https:\/\/klockargarden.com\/sv<\/p>\n<p><strong>Erkers Lantg\u00e5rd<\/strong><br \/>Lakn\u00e4s Stur\u00e4ngsv\u00e4gen 20, 793 94 T\u00e4llberg https:\/\/www.erkerslantgard.se<\/p>\n<p><strong>G\u00e5rdsbutiken i Smedby<\/strong><br \/>Smedby 326, 732 96 Arboga https:\/\/gardsbutikenismedby.se<\/p>\n<p><strong>Gilljams Lantbruk &amp; G\u00e5rdsbutik<\/strong><br \/>\u00d6vre G\u00e4rdsj\u00f6 landsv\u00e4g 27, 795 92 R\u00e4ttvik<\/p>\n<p><strong>Masesg\u00e5rden AB<\/strong><br \/>Siljansn\u00e4sv\u00e4gen 211 Grytn\u00e4s,793 92 Leksand www.masesgarden.se<\/p>\n<p><strong>Skedvi Br\u00f6d<\/strong><br \/>Landsv\u00e4gen 38, 783 92 Stora Skedvi https:\/\/skedvibrod.se\/<\/p>\n<p><strong>ROT Butik &amp; K\u00f6k<\/strong><br \/>Renstiernas Gata 20 und NK Saluhall, Stockholm www.butikrot.se<\/p>\n<p>[\/et_pb_text][\/et_pb_column][\/et_pb_row][\/et_pb_section]<\/p>\n","protected":false},"excerpt":{"rendered":"<p>Kontakt Tillasg\u00e5rden AB SE 793 50 Leksand, Schweden+46 (0)70 719 66 09info@tillasgarden.se Ein kleiner Selbstbedienungsladen befindet sich auf dem Hof, wo Du unsere Bio-Backmischungen und professionelles Zubeh\u00f6r wie G\u00e4rk\u00f6rbe oder Backformen f\u00fcr Brot kaufen kannst. Man bezahlt mit Swish oder bar. Wir haben kein gro\u00dfes Lager, daher bitten wir, gr\u00f6\u00dfere Mengen im Voraus zu bestellen, [&hellip;]<\/p>\n","protected":false},"author":1,"featured_media":0,"parent":0,"menu_order":0,"comment_status":"closed","ping_status":"closed","template":"","meta":{"_et_pb_use_builder":"on","_et_pb_old_content":"","_et_gb_content_width":"","footnotes":""},"class_list":["post-1976","page","type-page","status-publish","hentry"],"jetpack_sharing_enabled":true,"_links":{"self":[{"href":"https:\/\/tillasgarden.se\/de\/wp-json\/wp\/v2\/pages\/1976","targetHints":{"allow":["GET"]}}],"collection":[{"href":"https:\/\/tillasgarden.se\/de\/wp-json\/wp\/v2\/pages"}],"about":[{"href":"https:\/\/tillasgarden.se\/de\/wp-json\/wp\/v2\/types\/page"}],"author":[{"embeddable":true,"href":"https:\/\/tillasgarden.se\/de\/wp-json\/wp\/v2\/users\/1"}],"replies":[{"embeddable":true,"href":"https:\/\/tillasgarden.se\/de\/wp-json\/wp\/v2\/comments?post=1976"}],"version-history":[{"count":11,"href":"https:\/\/tillasgarden.se\/de\/wp-json\/wp\/v2\/pages\/1976\/revisions"}],"predecessor-version":[{"id":2185,"href":"https:\/\/tillasgarden.se\/de\/wp-json\/wp\/v2\/pages\/1976\/revisions\/2185"}],"wp:attachment":[{"href":"https:\/\/tillasgarden.se\/de\/wp-json\/wp\/v2\/media?parent=1976"}],"curies":[{"name":"wp","href":"https:\/\/api.w.org\/{rel}","templated":true}]}}