{"id":1966,"date":"2023-04-06T12:37:59","date_gmt":"2023-04-06T10:37:59","guid":{"rendered":"https:\/\/tillasgarden.se\/haendler\/"},"modified":"2026-02-24T04:39:37","modified_gmt":"2026-02-24T03:39:37","slug":"haendler","status":"publish","type":"page","link":"https:\/\/tillasgarden.se\/de\/haendler\/","title":{"rendered":"H\u00e4ndler"},"content":{"rendered":"<p>[et_pb_section fb_built=&#8220;1&#8243; _builder_version=&#8220;4.20.4&#8243; _module_preset=&#8220;default&#8220; global_colors_info=&#8220;{}&#8220;][et_pb_row _builder_version=&#8220;4.20.4&#8243; _module_preset=&#8220;default&#8220; global_colors_info=&#8220;{}&#8220;][et_pb_column type=&#8220;4_4&#8243; _builder_version=&#8220;4.20.4&#8243; _module_preset=&#8220;default&#8220; global_colors_info=&#8220;{}&#8220;][et_pb_text _builder_version=&#8220;4.27.5&#8243; _module_preset=&#8220;default&#8220; hover_enabled=&#8220;0&#8243; global_colors_info=&#8220;{}&#8220; sticky_enabled=&#8220;0&#8243;]<\/p>\n<h1>\u00c5terf\u00f6rs\u00e4ljare<\/h1>\n<p><strong>Leksands Kn\u00e4ckebr\u00f6d AB<\/strong><br \/>G\u00e4rde Stationsv\u00e4gen 11, 793 50 Leksand https:\/\/www.leksands.se\/bageributik\/<\/p>\n<p><strong>Dalm\u00e5l Cafe &amp; Hantverk \/ Klockarg\u00e5rden<\/strong><br \/>T\u00e4llberg https:\/\/klockargarden.com\/sv<\/p>\n<p><strong>Erkers Lantg\u00e5rd<\/strong><br \/>Lakn\u00e4s Stur\u00e4ngsv\u00e4gen 20, 793 94 T\u00e4llberg \u00a0https:\/\/www.erkerslantgard.se<\/p>\n<p><strong>G\u00e5rdsbutiken i Smedby<\/strong><br \/>Smedby 326, 732 96 Arboga \u00a0https:\/\/gardsbutikenismedby.se<\/p>\n<p><strong>Gilljams Lantbruk &amp; G\u00e5rdsbutik<\/strong><br \/>\u00d6vre G\u00e4rdsj\u00f6 landsv\u00e4g 27, 795 92 R\u00e4ttvik<\/p>\n<p><strong>Masesg\u00e5rden AB<\/strong><br \/>Siljansn\u00e4sv\u00e4gen 211 Grytn\u00e4s,793 92 Leksand www.masesgarden.se<\/p>\n<p><strong>Skedvi Br\u00f6d<\/strong><br \/>Landsv\u00e4gen 38, 783 92 Stora Skedvi https:\/\/skedvibrod.se\/<\/p>\n<p><strong>ROT Butik &amp; K\u00f6k<\/strong><br \/>Renstiernas Gata 20 och NK Saluhall, Stockholm www.butikrot.se<\/p>\n<p>[\/et_pb_text][\/et_pb_column][\/et_pb_row][\/et_pb_section]<\/p>\n","protected":false},"excerpt":{"rendered":"<p>\u00c5terf\u00f6rs\u00e4ljare Leksands Kn\u00e4ckebr\u00f6d ABG\u00e4rde Stationsv\u00e4gen 11, 793 50 Leksand https:\/\/www.leksands.se\/bageributik\/ Dalm\u00e5l Cafe &amp; Hantverk \/ Klockarg\u00e5rdenT\u00e4llberg https:\/\/klockargarden.com\/sv Erkers Lantg\u00e5rdLakn\u00e4s Stur\u00e4ngsv\u00e4gen 20, 793 94 T\u00e4llberg \u00a0https:\/\/www.erkerslantgard.se G\u00e5rdsbutiken i SmedbySmedby 326, 732 96 Arboga \u00a0https:\/\/gardsbutikenismedby.se Gilljams Lantbruk &amp; G\u00e5rdsbutik\u00d6vre G\u00e4rdsj\u00f6 landsv\u00e4g 27, 795 92 R\u00e4ttvik Masesg\u00e5rden ABSiljansn\u00e4sv\u00e4gen 211 Grytn\u00e4s,793 92 Leksand www.masesgarden.se Skedvi Br\u00f6dLandsv\u00e4gen 38, 783 92 [&hellip;]<\/p>\n","protected":false},"author":1,"featured_media":0,"parent":0,"menu_order":0,"comment_status":"closed","ping_status":"closed","template":"","meta":{"_et_pb_use_builder":"on","_et_pb_old_content":"","_et_gb_content_width":"","footnotes":""},"class_list":["post-1966","page","type-page","status-publish","hentry"],"jetpack_sharing_enabled":true,"_links":{"self":[{"href":"https:\/\/tillasgarden.se\/de\/wp-json\/wp\/v2\/pages\/1966","targetHints":{"allow":["GET"]}}],"collection":[{"href":"https:\/\/tillasgarden.se\/de\/wp-json\/wp\/v2\/pages"}],"about":[{"href":"https:\/\/tillasgarden.se\/de\/wp-json\/wp\/v2\/types\/page"}],"author":[{"embeddable":true,"href":"https:\/\/tillasgarden.se\/de\/wp-json\/wp\/v2\/users\/1"}],"replies":[{"embeddable":true,"href":"https:\/\/tillasgarden.se\/de\/wp-json\/wp\/v2\/comments?post=1966"}],"version-history":[{"count":5,"href":"https:\/\/tillasgarden.se\/de\/wp-json\/wp\/v2\/pages\/1966\/revisions"}],"predecessor-version":[{"id":2165,"href":"https:\/\/tillasgarden.se\/de\/wp-json\/wp\/v2\/pages\/1966\/revisions\/2165"}],"wp:attachment":[{"href":"https:\/\/tillasgarden.se\/de\/wp-json\/wp\/v2\/media?parent=1966"}],"curies":[{"name":"wp","href":"https:\/\/api.w.org\/{rel}","templated":true}]}}