{"id":1925,"date":"2023-04-05T16:54:04","date_gmt":"2023-04-05T14:54:04","guid":{"rendered":"https:\/\/tillasgarden.se\/datenschutzrichtlinie\/"},"modified":"2026-02-24T17:17:58","modified_gmt":"2026-02-24T16:17:58","slug":"datenschutzrichtlinie","status":"publish","type":"page","link":"https:\/\/tillasgarden.se\/de\/datenschutzrichtlinie\/","title":{"rendered":"Datenschutzrichtlinie"},"content":{"rendered":"<p>[et_pb_section fb_built=&#8220;1&#8243; admin_label=&#8220;section&#8220; _builder_version=&#8220;4.27.4&#8243; custom_padding=&#8220;2px|||||&#8220; hover_enabled=&#8220;0&#8243; global_colors_info=&#8220;{}&#8220; sticky_enabled=&#8220;0&#8243;][et_pb_row admin_label=&#8220;Zeile&#8220; _builder_version=&#8220;4.27.4&#8243; background_size=&#8220;initial&#8220; background_position=&#8220;top_left&#8220; background_repeat=&#8220;repeat&#8220; custom_padding=&#8220;1px|||||&#8220; hover_enabled=&#8220;0&#8243; global_colors_info=&#8220;{}&#8220; sticky_enabled=&#8220;0&#8243;][et_pb_column type=&#8220;4_4&#8243; _builder_version=&#8220;4.27.4&#8243; custom_padding=&#8220;|||&#8220; hover_enabled=&#8220;0&#8243; global_colors_info=&#8220;{}&#8220; custom_padding__hover=&#8220;|||&#8220; sticky_enabled=&#8220;0&#8243;][et_pb_text admin_label=&#8220;Text&#8220; _builder_version=&#8220;4.27.4&#8243; background_size=&#8220;initial&#8220; background_position=&#8220;top_left&#8220; background_repeat=&#8220;repeat&#8220; hover_enabled=&#8220;0&#8243; global_colors_info=&#8220;{}&#8220; sticky_enabled=&#8220;0&#8243;]<\/p>\n<h1>Datenschutzrichtlinie<\/h1>\n<p>Der Schutz Ihrer pers\u00f6nlichen Daten ist f\u00fcr uns von h\u00f6chster Bedeutung. In der Datenschutzrichtlinie k\u00f6nnen Sie nachlesen, wie wir Ihre personenbezogenen Daten verarbeiten und welche Rechte Sie in Bezug auf personenbezogene Daten haben. <\/p>\n<p><strong>Verantwortlicher f\u00fcr die Datenverarbeitung<\/strong><br \/>Verantwortlicher f\u00fcr die Verarbeitung Ihrer personenbezogenen Daten ist:<br \/>Tillasg\u00e5rden AB<br \/>Org nr: 559508-7148<br \/>Mj\u00e4lgen R\u00e5ggattu 3<br \/>793 50 Leksand<\/p>\n<p><strong>Welche personenbezogenen Daten erheben wir und woher?<\/strong><br \/>Wenn Sie mit uns in Kontakt treten (z. B. bei einem Kauf, beim Ausf\u00fcllen eines Formulars oder beim Besuch der Webseite), erheben wir personenbezogene Daten \u00fcber Sie. Die von uns erhobenen Daten sind Name, Personennummer, Adresse, E-Mail-Adresse und Telefonnummer, Kauf-, Bestell- und Nutzungshistorie, IP-Adresse sowie Informationen, die Sie unserem Kundendienst mitteilen. <\/p>\n<p><strong>Definitionen<\/strong><br \/>Personenbezogene Daten sind alle Informationen, die sich auf eine identifizierte oder identifizierbare nat\u00fcrliche Person beziehen. Solche Daten k\u00f6nnen beispielsweise Name, Bild, Personennummer, E-Mail-Adresse und Wohnadresse, IP-Adresse, Informationen \u00fcber Kompetenzen, Ausbildung oder fr\u00fchere Erfahrungen sein. Auch wenn eine einzelne Angabe m\u00f6glicherweise nicht ausreicht, um Sie als Individuum zu identifizieren, kann eine Angabe personenbezogene Daten darstellen, wenn sie in Kombination mit anderen Angaben Ihnen zugeordnet werden kann.  <br \/>\u201eVerarbeitung\u201c von personenbezogenen Daten bedeutet im Wesentlichen eine Handlung oder eine Kombination von Handlungen in Bezug auf personenbezogene Daten, wie z. B. Erhebung, Erfassung, Organisation, Strukturierung, Speicherung, Bearbeitung oder Ver\u00e4nderung, Abfrage, Abruf, Verwendung, Offenlegung durch \u00dcbermittlung, Verbreitung oder anderweitige Bereitstellung, Anpassung oder Zusammenf\u00fchrung, Einschr\u00e4nkung, L\u00f6schung oder Vernichtung.<\/p>\n<p><strong>Welche personenbezogenen Daten werden erfasst und warum?<\/strong><br \/>Wir erfassen Daten, wenn Sie beispielsweise unsere Dienste nutzen, sich f\u00fcr unsere Kurse und Seminare anmelden, unseren Newsletter abonnieren, sich auf eine Stelle bewerben, an Umfragen teilnehmen oder uns bei verschiedenen Arten von Fragen kontaktieren.<br \/>Wir erfassen auch personenbezogene Daten, die erforderlich sind, um Ihre Kundenbeziehung mit uns zu verwalten und um Dienstleistungen gem\u00e4\u00df unserer gegenseitigen Vereinbarung zu erbringen. Dazu geh\u00f6ren in der Regel Informationen wie Ihr Name und Ihre Telefonnummer, Ihre Adresse und E-Mail-Adresse, k\u00f6nnen aber auch andere Informationen enthalten, z. B. Ihre IP-Adresse. Wir k\u00f6nnen personenbezogene Daten \u00fcber Sie aus verschiedenen Quellen erfassen.<br \/>Daten, die automatisch erfasst werden, wenn Sie unsere Webseite besuchen.  <\/p>\n<p>Wir (und Drittanbieter, die in unserem Auftrag handeln) verwenden Cookies und andere Tools (wie Webanalysetools und Pixel-Tags), um automatisch Informationen \u00fcber Sie zu erfassen, wenn Sie unsere Webseite nutzen, vorbehaltlich der Bedingungen dieser Datenschutzrichtlinie und der geltenden Gesetze und Verordnungen. Die Arten von Daten, die automatisch erfasst werden k\u00f6nnen, umfassen:<br \/>\u00b7Informationen dar\u00fcber, welchen Browsertyp Sie verwenden<br \/>\u00b7Nutzerverhalten und Interaktionsdaten f\u00fcr die von Ihnen besuchten Webseiten<br \/>\u00b7Ihre IP-Adresse<br \/>\u00b7Die Sprache Ihres Browsers<br \/>\u00b7Ihr geografischer Standort (beschr\u00e4nkt auf Stadt und Land);<br \/>\u00b7Ihr Netzbetreiber <\/p>\n<p><strong>Informationen, die aus anderen Quellen bezogen werden k\u00f6nnen<\/strong><br \/>Wir k\u00f6nnen personenbezogene Daten \u00fcber Sie aus anderen legitimen Quellen beziehen, einschlie\u00dflich Informationen aus kommerziell verf\u00fcgbaren Quellen, wie z. B. \u00f6ffentliche Datenbanken und Datenaggregatoren, sowie Informationen von Dritten. Die Arten von personenbezogenen Daten, die wir aus solchen Quellen beziehen k\u00f6nnen, umfassen: <br \/>\u00b7Name<br \/>\u00b7Adresse<br \/>\u00b7E-Mail-Adresse<br \/>\u00b7Telefonnummer<br \/>\u00b7Faxnummer<br \/>\u00b7Titel und Arbeitsplatz<br \/>\u00b7Referenzen (im Bewerbungsprozess)<br \/>F\u00fcr welchen Zweck werden personenbezogene Daten verarbeitet?<br \/>Die personenbezogenen Daten, die wir \u00fcber Sie sammeln, werden verwendet f\u00fcr:<br \/>\u00b7Einhaltung gesetzlicher Anforderungen oder rechtm\u00e4\u00dfiger beh\u00f6rdlicher Anfragen<br \/>\u00b7Administrative und interne Gesch\u00e4ftszwecke<br \/>\u00b7Um Ihnen Produkte und Dienstleistungen bereitzustellen und Sie \u00fcber neue Produkte, Dienstleistungen und Veranstaltungen zu informieren<br \/>\u00b7Um unser Angebot an und unsere Kommunikation mit Kunden zu bewerten und zu verbessern<br \/>\u00b7Entwicklung unserer Gesch\u00e4ftst\u00e4tigkeit und unserer Dienstleistungen<br \/>\u00b7Datenverarbeitung f\u00fcr Werbezwecke<br \/>\u00b7Statistik<\/p>\n<p><strong>Verarbeitung von personenbezogenen Daten aufgrund einer rechtlichen Verpflichtung<\/strong><br \/>Die Verarbeitung von personenbezogenen Daten ist auch zul\u00e4ssig, wenn dies durch nationale Gesetze gefordert, verlangt oder erlaubt wird. Art und Umfang der Verarbeitung m\u00fcssen f\u00fcr die rechtlich zul\u00e4ssige Datenverarbeitungst\u00e4tigkeit erforderlich sein und den geltenden gesetzlichen Bestimmungen entsprechen.<br \/>Verarbeitung von personenbezogenen Daten aufgrund berechtigter Interessen<br \/>Personenbezogene Daten k\u00f6nnen auch verarbeitet werden, wenn dies f\u00fcr ein berechtigtes Interesse von uns erforderlich ist.<br \/>Berechtigte Interessen sind im Allgemeinen rechtlicher (z. B. Einziehung ausstehender Forderungen) oder kommerzieller Natur (z. B. Vermeidung von Vertragsbruch). Wir k\u00f6nnen beispielsweise der Ansicht sein, dass wir ein berechtigtes Interesse daran haben, unsere Verpflichtungen Ihnen gegen\u00fcber zu erf\u00fcllen und Ihr Kundenkonto zu verwalten.  <\/p>\n<p><strong>Nutzerdaten und Internet<\/strong><br \/>Wenn personenbezogene Daten auf Webseiten oder in Apps erfasst, verarbeitet und genutzt werden, m\u00fcssen die Betroffenen in einer Datenschutzerkl\u00e4rung dar\u00fcber informiert und gegebenenfalls \u00fcber Cookies informiert werden. Datenschutzerkl\u00e4rungen und eventuelle Cookie-Informationen m\u00fcssen so integriert werden, dass sie leicht zu identifizieren, direkt zug\u00e4nglich und f\u00fcr die Betroffenen durchg\u00e4ngig verf\u00fcgbar sind. Wenn Nutzungsprofile (Tracking) erstellt werden, um die Nutzung von Webseiten und Apps auszuwerten, m\u00fcssen die Betroffenen immer in der Datenschutzerkl\u00e4rung informiert werden. Pers\u00f6nliches Tracking darf nur durchgef\u00fchrt werden, wenn dies nach nationalem Recht zul\u00e4ssig ist oder nach Einwilligung des Betroffenen. Wenn Webseiten oder Apps auf personenbezogene Daten in einem Bereich zugreifen k\u00f6nnen, der auf registrierte Nutzer beschr\u00e4nkt ist, m\u00fcssen die Identifizierung und die Genehmigung des registrierten Nutzers einen ausreichenden Schutz beim Zugriff bieten.    <\/p>\n<p><strong>Wie lange werden personenbezogene Daten gespeichert?<\/strong><br \/>Die Informationen, die wir \u00fcber Sie sammeln, werden w\u00e4hrend unserer Gesch\u00e4ftsbeziehung mit dem Kunden gespeichert. Wir werden Ihre pers\u00f6nlichen Daten jedoch drei (3) Jahre nach Beendigung der Gesch\u00e4ftsbeziehung l\u00f6schen. Bitte beachten Sie, dass bestimmte Daten \u00fcber einen l\u00e4ngeren Zeitraum gespeichert werden m\u00fcssen, auch nach Beendigung einer Gesch\u00e4ftsbeziehung, wenn dies nach nationalem Recht erforderlich ist. Solche Anforderungen k\u00f6nnen sich beispielsweise aus Steuergesetzen oder Buchf\u00fchrungsgesetzen ergeben. Bitte beachten Sie auch, dass bestimmte Domainnamenregistrierungen ebenfalls erfordern, dass bestimmte Daten \u00fcber einen l\u00e4ngeren Zeitraum gespeichert werden.<br \/>Keine Informationen \u00fcber Sie werden l\u00e4nger als n\u00f6tig oder in einer Weise gespeichert, die gegen das Gesetz verst\u00f6\u00dft.    <\/p>\n<p><strong>Herausgabe von personenbezogenen Daten<\/strong><br \/>Wir sind berechtigt, Unterauftragnehmer mit der Verarbeitung personenbezogener Daten in Ihrem Namen zu beauftragen. Wir verpflichten uns, Sie \u00fcber unsere m\u00f6glichen Pl\u00e4ne zur Beauftragung und\/oder zum Austausch eines Unterauftragnehmers zu informieren, wodurch Sie die M\u00f6glichkeit haben, Einw\u00e4nde gegen solche \u00c4nderungen zu erheben.<br \/>Wenn wir Unterauftragnehmer mit der Verarbeitung personenbezogener Daten in Ihrem Namen beauftragen, sind wir Ihnen gegen\u00fcber f\u00fcr solche Unterauftragnehmer voll verantwortlich.<br \/>Unternehmen, die personenbezogene Daten in unserem Auftrag verarbeiten, schlie\u00dfen immer eine Auftragsverarbeitungsvereinbarung mit uns ab, um sicherzustellen, dass ein hohes Schutzniveau f\u00fcr Ihre personenbezogenen Daten von unseren Partnern aufrechterhalten wird. In Bezug auf Nicht-EU\/EWR-Partner werden besondere Schutzma\u00dfnahmen getroffen, beispielsweise der Abschluss von Vereinbarungen, die von der EU-Kommission verabschiedete Standardvertragsklauseln f\u00fcr die Daten\u00fcbertragung enthalten.<br \/>Ihre personenbezogenen Daten k\u00f6nnen auch an Dritte weitergegeben werden, wenn (i) dies gesetzlich, durch andere gesetzliche oder staatliche Entscheidungen vorgeschrieben ist, oder (ii) Informationen an Versicherungsunternehmen, Banken oder Leistungspartner gem\u00e4\u00df den obigen Ausf\u00fchrungen weitergegeben werden.<br \/>Wir k\u00f6nnen personenbezogene Daten auch an Dritte weitergeben, z. B. an die Polizei, die Steuerbeh\u00f6rde oder eine andere Beh\u00f6rde, im Rahmen einer strafrechtlichen Ermittlung oder wenn wir anderweitig verpflichtet sind, solche Informationen aufgrund von Gesetzen oder beh\u00f6rdlichen Entscheidungen weiterzugeben.<br \/>Wir werden Ihre personenbezogenen Daten nicht in einem anderen Umfang als beschrieben offenlegen.    <\/p>\n<p><strong>Ihre Rechte gem\u00e4\u00df den geltenden Datenschutzgesetzen<\/strong><br \/>Sie haben das Recht, gem\u00e4\u00df den geltenden Datenschutzgesetzen jederzeit Auskunft \u00fcber die \u00fcber Sie verarbeiteten personenbezogenen Daten zu verlangen. Sie haben auch das Recht, unrichtige personenbezogene Daten \u00fcber Sie berichtigen zu lassen, zu verlangen, dass wir Ihre personenbezogenen Daten l\u00f6schen, unsere Verarbeitung Ihrer personenbezogenen Daten einzuschr\u00e4nken, Ihr Recht auf Daten\u00fcbertragbarkeit auszu\u00fcben und der Verarbeitung Ihrer personenbezogenen Daten zu widersprechen.<br \/>Wenn die Verarbeitung auf einer Einwilligung beruht, haben Sie das Recht, Ihre Einwilligung zu dieser Verarbeitung jederzeit zu widerrufen. Sie haben auch das Recht, jederzeit eine Beschwerde bei einer Aufsichtsbeh\u00f6rde einzureichen, wenn Sie der Ansicht sind, dass Ihre personenbezogenen Daten unter Versto\u00df gegen die geltenden Datenschutzgesetze verarbeitet werden.  <\/p>\n<p><strong>Cookies<\/strong><br \/>Wir verwenden keine Cookies auf dieser Webseite. Ein Cookie ist ein kleiner Datensatz, der von einer Webseite gesendet und im Browser, Mobiltelefon, Tablet oder einem anderen Ger\u00e4t eines Nutzers gespeichert wird, w\u00e4hrend der Nutzer auf der Webseite surft. Ein Cookie kann dem Webseitenanbieter helfen, Ihr Ger\u00e4t beim n\u00e4chsten Besuch der Webseite wiederzuerkennen, Ihnen Zugriff auf bestimmte Funktionen der Webseite zu gew\u00e4hren und\/oder Ihre Surfmuster zu erfassen. Es gibt andere Technologien wie Pixel-Tags, Web-Bugs, Webspeicher und andere \u00e4hnliche Dateien und Technologien, die die gleichen Funktionen wie Cookies haben k\u00f6nnen. Wir verwenden den Begriff \u201eCookies\u201c f\u00fcr Cookies und alle \u00e4hnlichen Technologien.    <\/p>\n<p>[\/et_pb_text][\/et_pb_column][\/et_pb_row][\/et_pb_section]<\/p>\n","protected":false},"excerpt":{"rendered":"<p>Datenschutzrichtlinie Der Schutz Ihrer pers\u00f6nlichen Daten ist f\u00fcr uns von h\u00f6chster Bedeutung. In der Datenschutzrichtlinie k\u00f6nnen Sie nachlesen, wie wir Ihre personenbezogenen Daten verarbeiten und welche Rechte Sie in Bezug auf personenbezogene Daten haben. Verantwortlicher f\u00fcr die DatenverarbeitungVerantwortlicher f\u00fcr die Verarbeitung Ihrer personenbezogenen Daten ist:Tillasg\u00e5rden ABOrg nr: 559508-7148Mj\u00e4lgen R\u00e5ggattu 3793 50 Leksand Welche personenbezogenen Daten [&hellip;]<\/p>\n","protected":false},"author":1,"featured_media":0,"parent":0,"menu_order":0,"comment_status":"closed","ping_status":"open","template":"","meta":{"_et_pb_use_builder":"on","_et_pb_old_content":"","_et_gb_content_width":"","footnotes":""},"class_list":["post-1925","page","type-page","status-publish","hentry"],"jetpack_sharing_enabled":true,"_links":{"self":[{"href":"https:\/\/tillasgarden.se\/de\/wp-json\/wp\/v2\/pages\/1925","targetHints":{"allow":["GET"]}}],"collection":[{"href":"https:\/\/tillasgarden.se\/de\/wp-json\/wp\/v2\/pages"}],"about":[{"href":"https:\/\/tillasgarden.se\/de\/wp-json\/wp\/v2\/types\/page"}],"author":[{"embeddable":true,"href":"https:\/\/tillasgarden.se\/de\/wp-json\/wp\/v2\/users\/1"}],"replies":[{"embeddable":true,"href":"https:\/\/tillasgarden.se\/de\/wp-json\/wp\/v2\/comments?post=1925"}],"version-history":[{"count":6,"href":"https:\/\/tillasgarden.se\/de\/wp-json\/wp\/v2\/pages\/1925\/revisions"}],"predecessor-version":[{"id":2187,"href":"https:\/\/tillasgarden.se\/de\/wp-json\/wp\/v2\/pages\/1925\/revisions\/2187"}],"wp:attachment":[{"href":"https:\/\/tillasgarden.se\/de\/wp-json\/wp\/v2\/media?parent=1925"}],"curies":[{"name":"wp","href":"https:\/\/api.w.org\/{rel}","templated":true}]}}