{"id":1902,"date":"2026-01-27T05:42:44","date_gmt":"2026-01-27T04:42:44","guid":{"rendered":"https:\/\/tillasgarden.se\/bis-zum-letzten-stueck\/"},"modified":"2026-02-24T04:12:23","modified_gmt":"2026-02-24T03:12:23","slug":"bis-zum-letzten-stueck","status":"publish","type":"page","link":"https:\/\/tillasgarden.se\/de\/bis-zum-letzten-stueck\/","title":{"rendered":"Bis zur letzten Scheibe"},"content":{"rendered":"<p>[et_pb_section fb_built=&#8220;1&#8243; _builder_version=&#8220;4.20.4&#8243; _module_preset=&#8220;default&#8220; custom_margin=&#8220;45px||||false|false&#8220; custom_padding=&#8220;||0px||false|false&#8220; global_colors_info=&#8220;{}&#8220;][et_pb_row _builder_version=&#8220;4.20.4&#8243; _module_preset=&#8220;default&#8220; custom_margin=&#8220;-102px|auto||auto||&#8220; custom_padding=&#8220;||11px|||&#8220; global_colors_info=&#8220;{}&#8220;][et_pb_column type=&#8220;4_4&#8243; _builder_version=&#8220;4.20.4&#8243; _module_preset=&#8220;default&#8220; global_colors_info=&#8220;{}&#8220;][et_pb_text _builder_version=&#8220;4.27.4&#8243; _module_preset=&#8220;default&#8220; header_font=&#8220;|300||on|||||&#8220; header_letter_spacing=&#8220;1px&#8220; global_colors_info=&#8220;{}&#8220;]<\/p>\n<h1 style=\"text-align: center;\">Bis zur letzten Scheibe<\/h1>\n<p>[\/et_pb_text][\/et_pb_column][\/et_pb_row][\/et_pb_section][et_pb_section fb_built=&#8220;1&#8243; _builder_version=&#8220;4.20.4&#8243; _module_preset=&#8220;default&#8220; custom_padding=&#8220;6px|||||&#8220; global_colors_info=&#8220;{}&#8220;][et_pb_row column_structure=&#8220;2_5,3_5&#8243; _builder_version=&#8220;4.20.4&#8243; _module_preset=&#8220;default&#8220; custom_padding=&#8220;6px|||||&#8220; global_colors_info=&#8220;{}&#8220;][et_pb_column type=&#8220;2_5&#8243; _builder_version=&#8220;4.20.4&#8243; _module_preset=&#8220;default&#8220; global_colors_info=&#8220;{}&#8220;][et_pb_image src=&#8220;https:\/\/tillasgarden.se\/wp-content\/uploads\/2026\/01\/Sista-skivan_768x768.jpg&#8220; title_text=&#8220;Letzte-Scheibe _768x768&#8243; _builder_version=&#8220;4.27.4&#8243; _module_preset=&#8220;default&#8220; global_colors_info=&#8220;{}&#8220;][\/et_pb_image][\/et_pb_column][et_pb_column type=&#8220;3_5&#8243; _builder_version=&#8220;4.20.4&#8243; _module_preset=&#8220;default&#8220; global_colors_info=&#8220;{}&#8220;][et_pb_text admin_label=&#8220;Inledning &#8211; Till sista skivan&#8220; _builder_version=&#8220;4.27.4&#8243; _module_preset=&#8220;default&#8220; header_line_height=&#8220;1.7em&#8220; global_colors_info=&#8220;{}&#8220;]Ein Sprichwort sagt: Altes Brot ist nicht hart. Kein Brot, das ist hart!<\/p>\n<p>Die meisten bevorzugen nat\u00fcrlich ganz frisches Brot, am besten noch warm \ud83d\ude09<br \/>\nWenn es um Sauerteigbrot geht, das wir normalerweise backen, ist es f\u00fcr unseren K\u00f6rper viel besser, wenn das Brot nach dem Backen mindestens \u00fcber Nacht ruhen kann und fr\u00fchestens am n\u00e4chsten Morgen aufgeschnitten wird: Dann ist es n\u00e4mlich leichter verdaulich und wir haben einen besseren Zugang zu den Mineralien und Vitalstoffen im Brot. Au\u00dferdem entwickelt sich der Geschmack erst nach einigen Tagen. Frisch gebackenes Brot duftet herrlich, aber das volle Aroma ist noch nicht da.<\/p>\n<p>An alle Brotliebhaber: Hebt gerne \u201ealte\u201c Brotscheiben auf und lasst sie trocknen, in ganzen Scheiben oder gew\u00fcrfelt, je nachdem, was Ihr damit machen m\u00f6chtet. Ihr k\u00f6nnt sie f\u00fcr viele leckere neue Gerichte verwenden. Die Rezepte funktionieren nicht nur mit Baguette oder Wei\u00dfbrot: Wenn Ihr verschiedene Brotsorten verwendet, wird der Geschmack besonders interessant.<\/p>\n<p>Bis zur letzten Scheibe &#8211; Lebensmittelverschwendung reduzieren und Geld sparen<br \/>\n[\/et_pb_text][\/et_pb_column][\/et_pb_row][et_pb_row column_structure=&#8220;2_5,3_5&#8243; _builder_version=&#8220;4.20.4&#8243; _module_preset=&#8220;default&#8220; global_colors_info=&#8220;{}&#8220;][et_pb_column type=&#8220;2_5&#8243; _builder_version=&#8220;4.20.4&#8243; _module_preset=&#8220;default&#8220; global_colors_info=&#8220;{}&#8220;][et_pb_image src=&#8220;https:\/\/tillasgarden.se\/wp-content\/uploads\/2026\/01\/krutonger-1_768x768.jpg&#8220; title_text=&#8220;krutonger-1_768x768&#8243; _builder_version=&#8220;4.27.4&#8243; _module_preset=&#8220;default&#8220; global_colors_info=&#8220;{}&#8220;][\/et_pb_image][\/et_pb_column][et_pb_column type=&#8220;3_5&#8243; _builder_version=&#8220;4.20.4&#8243; _module_preset=&#8220;default&#8220; global_colors_info=&#8220;{}&#8220;][et_pb_text admin_label=&#8220;Krutonger&#8220; _builder_version=&#8220;4.27.4&#8243; _module_preset=&#8220;default&#8220; header_line_height=&#8220;1.7em&#8220; global_colors_info=&#8220;{}&#8220;]<\/p>\n<h2>Croutons<\/h2>\n<p>Croutons f\u00fcr Suppen und Salate oder einfach als Snack \u2013 super einfach und schnell zubereitet.<br \/>\n1. Schneide das bereits etwas trockene Brot in kleine W\u00fcrfel.<br \/>\n2. Erhitze etwas Oliven\u00f6l in einer Pfanne bei mittlerer Hitze.<br \/>\n3. Brate die Brotw\u00fcrfel ca. 5 Minuten lang und achte darauf, dass sie nicht zu dunkel werden.<br \/>\n4. Mit Gew\u00fcrzen nach Geschmack w\u00fcrzen, z.B. mit Knoblauchpulver, Kr\u00e4utern (Thymian, Oregano, Rosmarin &#8230;). Oder wie w\u00e4re es mit Kreuzk\u00fcmmel und Garam Masala? \ud83d\udc4c<br \/>\n5. Lasse die Croutons vollst\u00e4ndig abk\u00fchlen und lege sie dann in ein luftdichtes Gef\u00e4\u00df. Wenn sie k\u00fchl gelagert werden, halten sie sich 4-6 Wochen.<br \/>\nNimm nicht nur Baguette oder Wei\u00dfbrot: Wenn Du verschiedene Brotsorten verwendest, wird der Geschmack besonders interessant \ud83d\ude42<br \/>\nWeniger Lebensmittelverschwendung und viel billiger als gekaufte Croutons \ud83d\udc4d<br \/>\nViel Spa\u00df bei der Zubereitung!<\/p>\n<p>&nbsp;<br \/>\n[\/et_pb_text][\/et_pb_column][\/et_pb_row][et_pb_row column_structure=&#8220;2_5,3_5&#8243; _builder_version=&#8220;4.20.4&#8243; _module_preset=&#8220;default&#8220; global_colors_info=&#8220;{}&#8220;][et_pb_column type=&#8220;2_5&#8243; _builder_version=&#8220;4.20.4&#8243; _module_preset=&#8220;default&#8220; global_colors_info=&#8220;{}&#8220;][et_pb_image src=&#8220;https:\/\/tillasgarden.se\/wp-content\/uploads\/2026\/01\/brodsoppa_768x768.jpg&#8220; title_text=&#8220;brodsoppa_768x768&#8243; _builder_version=&#8220;4.27.5&#8243; _module_preset=&#8220;default&#8220; global_colors_info=&#8220;{}&#8220;][\/et_pb_image][\/et_pb_column][et_pb_column type=&#8220;3_5&#8243; _builder_version=&#8220;4.20.4&#8243; _module_preset=&#8220;default&#8220; global_colors_info=&#8220;{}&#8220;][et_pb_text admin_label=&#8220;Br\u00f6dsoppa&#8220; _builder_version=&#8220;4.27.5&#8243; _module_preset=&#8220;default&#8220; header_line_height=&#8220;1.7em&#8220; global_colors_info=&#8220;{}&#8220;]<\/p>\n<h2>Brotsuppe<\/h2>\n<p>Das Rezept stammt aus der Schweiz und passt besonders gut im Herbst oder Winter.<br \/>(Ergibt 4 gro\u00dfe Portionen)<\/p>\n<p>5 mittelgro\u00dfe Brotscheiben, gew\u00fcrfelt<br \/>Etwas Butter zum Anbraten<br \/>(Optional: 50 g ger\u00e4ucherter Speck oder Tofu)<br \/>1 Zwiebel, mittelgro\u00df<br \/>Gew\u00fcrze: K\u00fcmmel, Salz, Pfeffer, Muskat &#8211; oder nimm, was Dir gef\u00e4llt;)<br \/>2 l Br\u00fche (Fleisch, Gem\u00fcse oder selbstgemacht mit Deinen Lieblingsgew\u00fcrzen)<br \/>1-2 dl Sahne (funktioniert auch mit Milch\/Hafermilch)<br \/>100 g Falukorv (oder Garnelen, Lachs, Gem\u00fcse usw.) als Beilage zur Suppe<br \/>Kr\u00e4uter nach Wunsch (Dill, Petersilie, Koriander&#8230;)<\/p>\n<p>Die Butter in einer Pfanne erhitzen, den Speck und die Zwiebel leicht anbraten, dann das Brot dazugeben und goldbraun braten.<br \/>Die Br\u00fche hinzuf\u00fcgen und bei schwacher Hitze 10 Minuten k\u00f6cheln lassen.<br \/>Mit Gew\u00fcrzen nach Wunsch abschmecken.<br \/>Zum Schluss alles mit einem Mixer p\u00fcrieren.<br \/>Sahne (\/Milch\/Hafermilch) hinzuf\u00fcgen, erneut abschmecken und aufkochen lassen.<br \/>Dann die Falukorv (oder die Garnelen, den Lachs oder das gew\u00fcrfelte Gem\u00fcse) hinzuf\u00fcgen.<br \/>Nach Wunsch Kr\u00e4uter hinzuf\u00fcgen.<\/p>\n<p>Es gibt viele M\u00f6glichkeiten, Gew\u00fcrze oder Kr\u00e4uter zu variieren: Du kannst der Suppe auch mit den entsprechenden Gew\u00fcrzen\/Kr\u00e4utern nach Deinem Geschmack eine asiatische Note verleihen &#8211; passt gut zu H\u00e4hnchen. Es wird sehr lecker!<\/p>\n<p>&nbsp;<\/p>\n<p>[\/et_pb_text][\/et_pb_column][\/et_pb_row][et_pb_row column_structure=&#8220;2_5,3_5&#8243; _builder_version=&#8220;4.20.4&#8243; _module_preset=&#8220;default&#8220; global_colors_info=&#8220;{}&#8220;][et_pb_column type=&#8220;2_5&#8243; _builder_version=&#8220;4.20.4&#8243; _module_preset=&#8220;default&#8220; global_colors_info=&#8220;{}&#8220;][et_pb_image src=&#8220;https:\/\/tillasgarden.se\/wp-content\/uploads\/2026\/01\/bullarchips_768x768.jpg&#8220; title_text=&#8220;bullarchips_768x768&#8243; _builder_version=&#8220;4.27.5&#8243; _module_preset=&#8220;default&#8220; global_colors_info=&#8220;{}&#8220;][\/et_pb_image][\/et_pb_column][et_pb_column type=&#8220;3_5&#8243; _builder_version=&#8220;4.20.4&#8243; _module_preset=&#8220;default&#8220; global_colors_info=&#8220;{}&#8220;][et_pb_text admin_label=&#8220;Bulle-chips&#8220; _builder_version=&#8220;4.27.5&#8243; _module_preset=&#8220;default&#8220; header_line_height=&#8220;1.7em&#8220; global_colors_info=&#8220;{}&#8220;]<\/p>\n<h2>Bulle-Chips<\/h2>\n<p>Hast Du noch Teilchen (Bullar) vom Vortag (oder von vorgestern) \u00fcbrig, die niemand essen m\u00f6chte?<br \/>Mach` etwas Neues daraus:<\/p>\n<p>Schneide die Bullar in d\u00fcnne Scheiben und lege sie auf ein Backblech. Die Teilchen sollten nicht zu hart sein, sonst l\u00e4sst es sich nicht so gut schneiden. Trockne\/backe sie im Ofen bei 150\u2013160 \u00b0C Umluft (Ober-\/Unterhitze ca. 170\u2013180 \u00b0C) in 10-15 Minuten. Lasse sie dann auf einem Gitter abk\u00fchlen.<\/p>\n<p>Bewahre sie in einer Dose auf, genau wie Kekse.<br \/>Aber keine Sorge \u2013 sie sind schnell weg \ud83d\ude42<\/p>\n<p>&nbsp;<\/p>\n<p>[\/et_pb_text][\/et_pb_column][\/et_pb_row][et_pb_row column_structure=&#8220;2_5,3_5&#8243; _builder_version=&#8220;4.20.4&#8243; _module_preset=&#8220;default&#8220; global_colors_info=&#8220;{}&#8220;][et_pb_column type=&#8220;2_5&#8243; _builder_version=&#8220;4.20.4&#8243; _module_preset=&#8220;default&#8220; global_colors_info=&#8220;{}&#8220;][et_pb_image src=&#8220;https:\/\/tillasgarden.se\/wp-content\/uploads\/2026\/02\/knodel-sallad_1024pt.jpg&#8220; title_text=&#8220;knodel-sallad_1024pt&#8220; _builder_version=&#8220;4.27.5&#8243; _module_preset=&#8220;default&#8220; global_colors_info=&#8220;{}&#8220;][\/et_pb_image][\/et_pb_column][et_pb_column type=&#8220;3_5&#8243; _builder_version=&#8220;4.20.4&#8243; _module_preset=&#8220;default&#8220; global_colors_info=&#8220;{}&#8220;][et_pb_text admin_label=&#8220;Kaspresskn\u00f6del&#8220; _builder_version=&#8220;4.27.5&#8243; _module_preset=&#8220;default&#8220; header_line_height=&#8220;1.7em&#8220; global_colors_info=&#8220;{}&#8220;]<\/p>\n<h2>Kaspresskn\u00f6del<\/h2>\n<p>&#8211; Ein Rezept aus \u00d6sterreich<\/p>\n<p>(Ca. 16 Kn\u00f6del)<br \/>250 g Brot, gew\u00fcrfelt<br \/>200 ml Milch, warm<br \/>1 kleine Zwiebel, fein gehackt<br \/>100 g K\u00e4se, gerieben\/gew\u00fcrfelt<br \/>1 Handvoll Kr\u00e4uter (z. B. Schnittlauch, Petersilie, Majoran)<br \/>2 Eier<br \/>Salz, Pfeffer<br \/>Etwas Butter<br \/>\u00d6l zum Anbraten<\/p>\n<p>Die Brotw\u00fcrfel in der warmen Milch einweichen. In der Zwischenzeit die Zwiebel in der Butter anbraten, die Zwiebel gut mit dem Brot vermischen und einige Minuten ziehen lassen. Kr\u00e4uter, K\u00e4se und Eier hinzuf\u00fcgen und alles gut vermischen.<br \/>Aus der Masse kleine Kn\u00f6del formen (ca. 5cm Durchmesser). Am besten geht es mit einem feuchten Essl\u00f6ffel und feuchten H\u00e4nden. In einer Pfanne in \u00d6l goldbraun braten.<\/p>\n<p>Die Kn\u00f6del werden in einer klaren Br\u00fche, zu Sauerkraut oder mit Salat gegessen. Sie lassen sich auch gut einfrieren.<br \/>Probiere es aus, es lohnt sich \ud83d\udc4c<\/p>\n<p>&nbsp;<\/p>\n<p>&nbsp;<\/p>\n<p>[\/et_pb_text][\/et_pb_column][\/et_pb_row][\/et_pb_section]<\/p>\n","protected":false},"excerpt":{"rendered":"<p>Bis zur letzten Scheibe Ein Sprichwort sagt: Altes Brot ist nicht hart. Kein Brot, das ist hart! Die meisten bevorzugen nat\u00fcrlich ganz frisches Brot, am besten noch warm \ud83d\ude09 Wenn es um Sauerteigbrot geht, das wir normalerweise backen, ist es f\u00fcr unseren K\u00f6rper viel besser, wenn das Brot nach dem Backen mindestens \u00fcber Nacht ruhen [&hellip;]<\/p>\n","protected":false},"author":1,"featured_media":0,"parent":0,"menu_order":0,"comment_status":"closed","ping_status":"closed","template":"","meta":{"_et_pb_use_builder":"on","_et_pb_old_content":"","_et_gb_content_width":"","footnotes":""},"class_list":["post-1902","page","type-page","status-publish","hentry"],"jetpack_sharing_enabled":true,"_links":{"self":[{"href":"https:\/\/tillasgarden.se\/de\/wp-json\/wp\/v2\/pages\/1902","targetHints":{"allow":["GET"]}}],"collection":[{"href":"https:\/\/tillasgarden.se\/de\/wp-json\/wp\/v2\/pages"}],"about":[{"href":"https:\/\/tillasgarden.se\/de\/wp-json\/wp\/v2\/types\/page"}],"author":[{"embeddable":true,"href":"https:\/\/tillasgarden.se\/de\/wp-json\/wp\/v2\/users\/1"}],"replies":[{"embeddable":true,"href":"https:\/\/tillasgarden.se\/de\/wp-json\/wp\/v2\/comments?post=1902"}],"version-history":[{"count":13,"href":"https:\/\/tillasgarden.se\/de\/wp-json\/wp\/v2\/pages\/1902\/revisions"}],"predecessor-version":[{"id":2118,"href":"https:\/\/tillasgarden.se\/de\/wp-json\/wp\/v2\/pages\/1902\/revisions\/2118"}],"wp:attachment":[{"href":"https:\/\/tillasgarden.se\/de\/wp-json\/wp\/v2\/media?parent=1902"}],"curies":[{"name":"wp","href":"https:\/\/api.w.org\/{rel}","templated":true}]}}