{"id":1756,"date":"2025-02-10T13:18:59","date_gmt":"2025-02-10T12:18:59","guid":{"rendered":"https:\/\/tillasgarden.se\/shop\/"},"modified":"2026-02-27T10:55:54","modified_gmt":"2026-02-27T09:55:54","slug":"shop","status":"publish","type":"page","link":"https:\/\/tillasgarden.se\/de\/","title":{"rendered":"Shop-Start"},"content":{"rendered":"<p>[et_pb_section fb_built=&#8220;1&#8243; _builder_version=&#8220;4.27.4&#8243; _module_preset=&#8220;default&#8220; custom_padding=&#8220;13px|||||&#8220; global_colors_info=&#8220;{}&#8220;][et_pb_row _builder_version=&#8220;4.20.4&#8243; _module_preset=&#8220;default&#8220; custom_padding=&#8220;4px|||||&#8220; locked=&#8220;off&#8220; global_colors_info=&#8220;{}&#8220;][et_pb_column type=&#8220;4_4&#8243; _builder_version=&#8220;4.20.4&#8243; _module_preset=&#8220;default&#8220; global_colors_info=&#8220;{}&#8220;][et_pb_text admin_label=&#8220;EKOLOGISKA BR\u00d6DMIXER&#8220; _builder_version=&#8220;4.27.4&#8243; _module_preset=&#8220;default&#8220; header_2_font=&#8220;||||||||&#8220; header_2_text_color=&#8220;#000000&#8243; header_3_font=&#8220;|300|||||||&#8220; header_3_font_size=&#8220;28px&#8220; header_3_letter_spacing=&#8220;1px&#8220; custom_padding=&#8220;0px||0px|||&#8220; header_3_font_size_tablet=&#8220;28px&#8220; header_3_font_size_phone=&#8220;28px&#8220; header_3_font_size_last_edited=&#8220;on|tablet&#8220; header_3_letter_spacing_tablet=&#8220;2px&#8220; header_3_letter_spacing_phone=&#8220;2px&#8220; header_3_letter_spacing_last_edited=&#8220;on|phone&#8220; global_colors_info=&#8220;{}&#8220;]<\/p>\n<h3 style=\"text-align: center;\">EKOLOGISCHE BROTBACKMISCHUNGEN<\/h3>\n<p style=\"text-align: center;\">Im Herzen von Dalarna liegt Tillasg\u00e5rden \u2013 ein kleiner Produzent von \u00f6kologischen Brotbackmischungen <br \/> f\u00fcr dich, wenn du mit steinvermahlenem, schwedischem Bio-Mehl backen m\u00f6chtest.<\/p>\n<p><strong>Kauf deine Backmischung noch heute, backe einfach und gesund!<\/strong><\/p>\n<p>[\/et_pb_text][\/et_pb_column][\/et_pb_row][et_pb_row _builder_version=&#8220;4.27.5&#8243; _module_preset=&#8220;default&#8220; custom_padding=&#8220;4px|||||&#8220; hover_enabled=&#8220;0&#8243; global_colors_info=&#8220;{}&#8220; sticky_enabled=&#8220;0&#8243;][et_pb_column type=&#8220;4_4&#8243; _builder_version=&#8220;4.27.4&#8243; _module_preset=&#8220;default&#8220; global_colors_info=&#8220;{}&#8220;][et_pb_shop type=&#8220;product_category&#8220; include_categories=&#8220;28&#8243; columns_number=&#8220;3&#8243; icon_hover_color=&#8220;#000000&#8243; hover_overlay_color=&#8220;RGBA(255,255,255,0)&#8220; show_rating=&#8220;off&#8220; show_sale_badge=&#8220;off&#8220; admin_label=&#8220;Br\u00f6dmixar shop&#8220; _builder_version=&#8220;4.27.4&#8243; _module_preset=&#8220;default&#8220; title_font_size=&#8220;25px&#8220; price_font=&#8220;|700|||||||&#8220; price_font_size=&#8220;18px&#8220; sale_price_font_size=&#8220;18px&#8220; global_colors_info=&#8220;{}&#8220;][\/et_pb_shop][\/et_pb_column][\/et_pb_row][\/et_pb_section]<\/p>\n","protected":false},"excerpt":{"rendered":"<p>EKOLOGISCHE BROTBACKMISCHUNGEN Im Herzen von Dalarna liegt Tillasg\u00e5rden \u2013 ein kleiner Produzent von \u00f6kologischen Brotbackmischungen f\u00fcr dich, wenn du mit steinvermahlenem, schwedischem Bio-Mehl backen m\u00f6chtest.Kauf deine Backmischung noch heute, backe einfach und gesund!<\/p>\n","protected":false},"author":1,"featured_media":0,"parent":0,"menu_order":0,"comment_status":"closed","ping_status":"closed","template":"","meta":{"_et_pb_use_builder":"on","_et_pb_old_content":"","_et_gb_content_width":"","footnotes":""},"class_list":["post-1756","page","type-page","status-publish","hentry"],"jetpack_sharing_enabled":true,"_links":{"self":[{"href":"https:\/\/tillasgarden.se\/de\/wp-json\/wp\/v2\/pages\/1756","targetHints":{"allow":["GET"]}}],"collection":[{"href":"https:\/\/tillasgarden.se\/de\/wp-json\/wp\/v2\/pages"}],"about":[{"href":"https:\/\/tillasgarden.se\/de\/wp-json\/wp\/v2\/types\/page"}],"author":[{"embeddable":true,"href":"https:\/\/tillasgarden.se\/de\/wp-json\/wp\/v2\/users\/1"}],"replies":[{"embeddable":true,"href":"https:\/\/tillasgarden.se\/de\/wp-json\/wp\/v2\/comments?post=1756"}],"version-history":[{"count":5,"href":"https:\/\/tillasgarden.se\/de\/wp-json\/wp\/v2\/pages\/1756\/revisions"}],"predecessor-version":[{"id":2244,"href":"https:\/\/tillasgarden.se\/de\/wp-json\/wp\/v2\/pages\/1756\/revisions\/2244"}],"wp:attachment":[{"href":"https:\/\/tillasgarden.se\/de\/wp-json\/wp\/v2\/media?parent=1756"}],"curies":[{"name":"wp","href":"https:\/\/api.w.org\/{rel}","templated":true}]}}